{"id":21728,"date":"2025-10-04T02:28:57","date_gmt":"2025-10-04T06:28:57","guid":{"rendered":"https:\/\/rbg4dkfe3w.onrocket.site\/?post_type=product&#038;p=21728"},"modified":"2026-04-23T10:28:48","modified_gmt":"2026-04-23T14:28:48","slug":"nyk-fenix-junior-goalkeeper-gloves","status":"publish","type":"product","link":"https:\/\/ny-keepers.com\/es\/producto\/nyk-fenix-junior-goalkeeper-gloves\/","title":{"rendered":"NYK Fenix Junior"},"content":{"rendered":"<h3><b>Guantes de portero junior Fenix \u2013 Protecci\u00f3n, ajuste y confianza para los porteros del ma\u00f1ana<\/b><\/h3>\n<p class=\"p3\">El <span class=\"s2\"><b>Guante de portero Fenix Junior<\/b><\/span> Por NY-KEEPERS son m\u00e1s que solo equipo juvenil: son una herramienta de grado profesional dise\u00f1ada para generar confianza, mejorar la t\u00e9cnica y proteger las manos de los j\u00f3venes porteros que sue\u00f1an en grande. Dise\u00f1ado con la misma precisi\u00f3n y tecnolog\u00eda que nuestros modelos pro, el <span class=\"s2\"><b>Guante de portero Fenix Junior<\/b><\/span> Combine el confort, la protecci\u00f3n y el rendimiento superior para los atletas en desarrollo.<\/p>\n<p class=\"p3\">Desde las primeras sesiones de entrenamiento hasta los partidos competitivos, el <span class=\"s2\"><b>Guante de portero Fenix Junior<\/b><\/span> Ofrezca un rendimiento consistente gracias a su cuerpo de neopreno de primera calidad y acolchado de espuma protectora de 2mm. Este material se adapta naturalmente a la forma de la mano, proporcionando flexibilidad, suavidad y soporte seguro con cada movimiento. La espuma interna absorbe los impactos de manera efectiva, minimizando el estr\u00e9s articular y ayudando a prevenir lesiones durante inmersiones, capturas y salvamentos.<\/p>\n<h3><b>Agarre y durabilidad para el juego moderno<\/b><\/h3>\n<p class=\"p3\">Equipado con <span class=\"s2\"><b>3mm alem\u00e1n <a href=\"https:\/\/ny-keepers.com\/es\/the-best-grip\/\">X-Grippy latex<\/a><\/b><\/span>El <span class=\"s2\"><b>Guante de portero Fenix Junior<\/b><\/span> Garantizar una excelente tracci\u00f3n y durabilidad, ideal para c\u00e9sped sint\u00e9tico y campos duros. La f\u00f3rmula avanzada de l\u00e1tex garantiza un agarre confiable tanto en condiciones secas como h\u00famedas, lo que permite a los porteros j\u00f3venes desempe\u00f1arse con confianza y seguridad.<\/p>\n<p class=\"p3 translation-block\">A diferencia de los guantes junior ordinarios, los guantes de portero <span class=\"s2\"><b>Fenix Junior<\/b><\/span> mantienen su agarre y resistencia juego tras juego, ofreciendo un rendimiento duradero y reduciendo la necesidad de reemplazos frecuentes. Esto los convierte en la opci\u00f3n perfecta para padres, entrenadores y academias que valoran la calidad y la durabilidad.<\/p>\n<h3><b>Corte negativo para precisi\u00f3n y control<\/b><\/h3>\n<p class=\"p3 translation-block\">Con un dise\u00f1o de corte negativo <span class=\"s2\"><b>negative cut design<\/b><\/span>, estos <span class=\"s2\"><b>Fenix Junior goalkeeper guantes<\/b><\/span> se envuelven firmemente alrededor de los dedos, creando un ajuste natural de \u201csegunda piel\u201d para un control superior de la pelota. La costura interna minimiza el espacio adicional, proporcionando una sensaci\u00f3n compacta y receptiva que mejora la precisi\u00f3n de captura y manejo, perfecta para los porteros que desarrollan sus reflejos y t\u00e9cnica.<\/p>\n<h3><b>Ajuste personalizado y soporte<\/b><\/h3>\n<p class=\"p3 translation-block\">La mano de cada joven portero es \u00fanica. Es por eso que los guantes de portero <span class=\"s2\"><b>Fenix Junior<\/b><\/span> cuentan con una entrada de mu\u00f1eca el\u00e1stica con una correa ajustable y extra\u00edble para un ajuste personalizado. Ya sea que prefiera una estabilidad m\u00e1s estricta de la mu\u00f1eca o una mayor movilidad, el dise\u00f1o flexible facilita que los ni\u00f1os ajusten sus propios guantes, promoviendo la independencia y la confianza durante el entrenamiento.<\/p>\n<h3><b>Dise\u00f1ado para la confianza y el crecimiento<\/b><\/h3>\n<p class=\"p3\">El <span class=\"s2\"><b>Guante de portero Fenix Junior<\/b><\/span> No se trata solo de rendimiento; se trata de inspirar crecimiento. Cada detalle, desde el suave cuerpo de neopreno hasta el audaz dise\u00f1o de NY-KEEPERS, motiva a los j\u00f3venes porteros a jugar como profesionales. Con tecnolog\u00eda equilibrada, comodidad y protecci\u00f3n, <span class=\"s2\"><b>Guante de portero Fenix Junior<\/b><\/span> help kids focus on what truly matters: enjoying the game and getting better every day.<\/p>\n<h3><b>Tecnolog\u00eda que crece con el jugador<\/b><\/h3>\n<p class=\"p3 translation-block\">El cuerpo de neopreno transpirable y estirable de la <span class=\"s2\"><b>Guantes de portero Fenix Junior<\/b><\/span> mantiene las manos frescas y se adapta al crecimiento natural, movi\u00e9ndose en armon\u00eda con cada salvamento. Esto asegura un movimiento sin restricciones, una comodidad total y un control m\u00e1ximo.<\/p>\n<p class=\"p3 translation-block\">Combinando innovaci\u00f3n, ergonom\u00eda y durabilidad, los guantes de portero <span class=\"s2\"><b>Fenix Junior<\/b><\/span> reflejan la misi\u00f3n de NY-KEEPERS: ofrecer un equipo de clase mundial que apoye el desarrollo, la seguridad y la pasi\u00f3n, desde el primer salvo hasta la etapa profesional.<\/p>\n<p>Vis\u00edtenos en:<\/p>\n<p><a href=\"https:\/\/www.youtube.com\/@nyk_brand\" target=\"_blank\" rel=\"noopener\">YouTube<\/a>\u00a0|\u00a0<a href=\"https:\/\/www.instagram.com\/nyk.sport\/\" target=\"_blank\" rel=\"noopener\">Instagram\u00a0<\/a>|\u00a0<a href=\"https:\/\/www.tiktok.com\/@nyk.guantes\" target=\"_blank\" rel=\"noopener\">TikTok\u00a0<\/a>|\u00a0<a href=\"https:\/\/www.facebook.com\/nykUSA\" target=\"_blank\" rel=\"noopener\">Facebook<\/a><\/p>","protected":false},"excerpt":{"rendered":"<p class=\"p1\">\u2022 3 mm X-Grippy latex for strong grip on synthetic fields<br \/>\n\u2022 Negative cut for better control and fit<br \/>\n\u2022 Flexible neoprene body with foam padding<br \/>\n\u2022 Elastic wrist strap with removable band<br \/>\n\u2022 Built for young keepers learning with confidence<\/p>","protected":false},"featured_media":21729,"comment_status":"open","ping_status":"closed","template":"","meta":{"_acf_changed":false,"site-sidebar-layout":"default","site-content-layout":"","ast-site-content-layout":"default","site-content-style":"default","site-sidebar-style":"default","ast-global-header-display":"","ast-banner-title-visibility":"","ast-main-header-display":"","ast-hfb-above-header-display":"","ast-hfb-below-header-display":"","ast-hfb-mobile-header-display":"","site-post-title":"","ast-breadcrumbs-content":"","ast-featured-img":"","footer-sml-layout":"","ast-disable-related-posts":"","theme-transparent-header-meta":"default","adv-header-id-meta":"","stick-header-meta":"","header-above-stick-meta":"","header-main-stick-meta":"","header-below-stick-meta":"","astra-migrate-meta-layouts":"set","ast-page-background-enabled":"default","ast-page-background-meta":{"desktop":{"background-color":"var(--ast-global-color-4)","background-image":"","background-repeat":"repeat","background-position":"center center","background-size":"auto","background-attachment":"scroll","background-type":"","background-media":"","overlay-type":"","overlay-color":"","overlay-opacity":"","overlay-gradient":""},"tablet":{"background-color":"","background-image":"","background-repeat":"repeat","background-position":"center center","background-size":"auto","background-attachment":"scroll","background-type":"","background-media":"","overlay-type":"","overlay-color":"","overlay-opacity":"","overlay-gradient":""},"mobile":{"background-color":"","background-image":"","background-repeat":"repeat","background-position":"center center","background-size":"auto","background-attachment":"scroll","background-type":"","background-media":"","overlay-type":"","overlay-color":"","overlay-opacity":"","overlay-gradient":""}},"ast-content-background-meta":{"desktop":{"background-color":"var(--ast-global-color-5)","background-image":"","background-repeat":"repeat","background-position":"center center","background-size":"auto","background-attachment":"scroll","background-type":"","background-media":"","overlay-type":"","overlay-color":"","overlay-opacity":"","overlay-gradient":""},"tablet":{"background-color":"var(--ast-global-color-5)","background-image":"","background-repeat":"repeat","background-position":"center center","background-size":"auto","background-attachment":"scroll","background-type":"","background-media":"","overlay-type":"","overlay-color":"","overlay-opacity":"","overlay-gradient":""},"mobile":{"background-color":"var(--ast-global-color-5)","background-image":"","background-repeat":"repeat","background-position":"center center","background-size":"auto","background-attachment":"scroll","background-type":"","background-media":"","overlay-type":"","overlay-color":"","overlay-opacity":"","overlay-gradient":""}}},"product_brand":[595],"product_cat":[977,992,351,425],"product_tag":[1000,998,994,996,586,993,555,367,649,999,725,995,997],"woo-feed-brand":[],"class_list":{"0":"post-21728","1":"product","2":"type-product","3":"status-publish","4":"has-post-thumbnail","6":"product_brand-nyk","7":"product_cat-junior-kids-gloves","8":"product_cat-fenix-junior","9":"product_cat-grippy-pro","10":"product_cat-negative-cut","11":"product_tag-durable-grip","12":"product_tag-elastic-neoprene","13":"product_tag-fenix","14":"product_tag-future-goalkeepers","15":"product_tag-goalkeeper-gear","16":"product_tag-junior-gloves","17":"product_tag-kids-goalkeeper-gloves","18":"product_tag-negative-cut","19":"product_tag-ny-keepers","20":"product_tag-protection-and-confidence","21":"product_tag-synthetic-turf-gloves","22":"product_tag-x-grippy","23":"product_tag-youth-training","24":"pa_colors-black","25":"pa_colors-black-blue","26":"pa_colors-black-orange","27":"pa_size-1035","28":"pa_size-1036","29":"pa_size-1037","30":"pa_size-1038","31":"desktop-align-center","32":"tablet-align-left","33":"mobile-align-left","35":"first","36":"instock","37":"taxable","38":"shipping-taxable","39":"purchasable","40":"product-type-variable","41":"wvs-archive-product-wrapper"},"acf":[],"jetpack-related-posts":[{"id":23049,"url":"https:\/\/ny-keepers.com\/es\/producto\/nyk-fenix-semi-pro\/","url_meta":{"origin":21728,"position":0},"title":"NYK Fenix Semi-Pro","author":"admin","date":"diciembre 16, 2025","format":false,"excerpt":"\u2022 3 mm X-Grippy latex for secure grip \u2022 Negative cut for precise ball control \u2022 Flexible neoprene body with inner padding \u2022 Built for training & match play \u2022 Ideal for developing and competitive keepers","rel":"","context":"Entrada similar ","block_context":{"text":"Entrada similar ","link":""},"img":{"alt_text":"NYK Fenix Semi-Pro, Fenix Junior goalkeeper gloves by NY-KEEPERS","src":"https:\/\/i0.wp.com\/ny-keepers.com\/wp-content\/uploads\/2025\/10\/NARANJA.jpg?resize=350%2C200&ssl=1","width":350,"height":200,"srcset":"https:\/\/i0.wp.com\/ny-keepers.com\/wp-content\/uploads\/2025\/10\/NARANJA.jpg?resize=350%2C200&ssl=1 1x, https:\/\/i0.wp.com\/ny-keepers.com\/wp-content\/uploads\/2025\/10\/NARANJA.jpg?resize=525%2C300&ssl=1 1.5x, https:\/\/i0.wp.com\/ny-keepers.com\/wp-content\/uploads\/2025\/10\/NARANJA.jpg?resize=700%2C400&ssl=1 2x"},"classes":[]},{"id":20824,"url":"https:\/\/ny-keepers.com\/es\/producto\/evo-3-fenix-goalkeeper-gloves\/","url_meta":{"origin":21728,"position":1},"title":"NYK EVO 3 Fenix","author":"admin","date":"agosto 24, 2025","format":false,"excerpt":"\u2022 4mm \ud83c\udde9\ud83c\uddea German X-Basic or X-Plus latex for durable, all-weather grip \u2022 Hybrid cut for balanced comfort and ball contact \u2022 Lightweight knitted body for breathability and mobility \u2022 Reinforced latex backhand with punch zone \u2022 Secure elastic removable strap with personalization area","rel":"","context":"Con 1 comentario","block_context":{"text":"Con 1 comentario","link":"https:\/\/ny-keepers.com\/es\/producto\/evo-3-fenix-goalkeeper-gloves\/#comments"},"img":{"alt_text":"EVO 3 Fenix Goalkeeper Gloves | Neon Core &amp; Blaze X-Basic","src":"https:\/\/i0.wp.com\/ny-keepers.com\/wp-content\/uploads\/2025\/10\/Blue-plus-2.jpg?resize=350%2C200&ssl=1","width":350,"height":200,"srcset":"https:\/\/i0.wp.com\/ny-keepers.com\/wp-content\/uploads\/2025\/10\/Blue-plus-2.jpg?resize=350%2C200&ssl=1 1x, https:\/\/i0.wp.com\/ny-keepers.com\/wp-content\/uploads\/2025\/10\/Blue-plus-2.jpg?resize=525%2C300&ssl=1 1.5x, https:\/\/i0.wp.com\/ny-keepers.com\/wp-content\/uploads\/2025\/10\/Blue-plus-2.jpg?resize=700%2C400&ssl=1 2x, https:\/\/i0.wp.com\/ny-keepers.com\/wp-content\/uploads\/2025\/10\/Blue-plus-2.jpg?resize=1050%2C600&ssl=1 3x"},"classes":[]},{"id":24177,"url":"https:\/\/ny-keepers.com\/es\/producto\/nyk-compact1-junior\/","url_meta":{"origin":21728,"position":2},"title":"NYK Compact1 Junior","author":"admin","date":"marzo 16, 2026","format":false,"excerpt":"\u2022 4mm German \ud83c\udde9\ud83c\uddea X-Basic grip latex \u2022 Ergonomic Hybrid cut for precision and natural hand feel \u2022 Double Wrap Elastic Wrist Strap \u2022 Breathable Micro-Mesh body \u2022 Professional all White design","rel":"","context":"Entrada similar ","block_context":{"text":"Entrada similar ","link":""},"img":{"alt_text":"Compact 1 Junior","src":"https:\/\/i0.wp.com\/ny-keepers.com\/wp-content\/uploads\/2026\/03\/IMG_0010.jpg?resize=350%2C200&ssl=1","width":350,"height":200,"srcset":"https:\/\/i0.wp.com\/ny-keepers.com\/wp-content\/uploads\/2026\/03\/IMG_0010.jpg?resize=350%2C200&ssl=1 1x, https:\/\/i0.wp.com\/ny-keepers.com\/wp-content\/uploads\/2026\/03\/IMG_0010.jpg?resize=525%2C300&ssl=1 1.5x, https:\/\/i0.wp.com\/ny-keepers.com\/wp-content\/uploads\/2026\/03\/IMG_0010.jpg?resize=700%2C400&ssl=1 2x, https:\/\/i0.wp.com\/ny-keepers.com\/wp-content\/uploads\/2026\/03\/IMG_0010.jpg?resize=1050%2C600&ssl=1 3x"},"classes":[]},{"id":21003,"url":"https:\/\/ny-keepers.com\/es\/producto\/nyk-reflex-x-grippy-kids-goalkeeper-gloves\/","url_meta":{"origin":21728,"position":3},"title":"NYK Reflex Junior","author":"admin","date":"agosto 25, 2025","format":false,"excerpt":"\u2022 3 mm X-Grippy latex for reliable turf grip \u2022 Removable finger protection spines for added safety \u2022 Negative cut for a snug, confident fit \u2022 Breathable micro-mesh for comfort during play \u2022 3D latex backhand for protection and control","rel":"","context":"Con 1 comentario","block_context":{"text":"Con 1 comentario","link":"https:\/\/ny-keepers.com\/es\/producto\/nyk-reflex-x-grippy-kids-goalkeeper-gloves\/#comments"},"img":{"alt_text":"Reflex X-Grippy kids goalkeeper gloves Blue Sky edition front view","src":"https:\/\/i0.wp.com\/ny-keepers.com\/wp-content\/uploads\/2025\/08\/BLUE.jpg?resize=350%2C200&ssl=1","width":350,"height":200,"srcset":"https:\/\/i0.wp.com\/ny-keepers.com\/wp-content\/uploads\/2025\/08\/BLUE.jpg?resize=350%2C200&ssl=1 1x, https:\/\/i0.wp.com\/ny-keepers.com\/wp-content\/uploads\/2025\/08\/BLUE.jpg?resize=525%2C300&ssl=1 1.5x, https:\/\/i0.wp.com\/ny-keepers.com\/wp-content\/uploads\/2025\/08\/BLUE.jpg?resize=700%2C400&ssl=1 2x"},"classes":[]},{"id":18280,"url":"https:\/\/ny-keepers.com\/es\/producto\/black-widow-junior\/","url_meta":{"origin":21728,"position":4},"title":"NYK Black Widow Junior","author":"admin","date":"mayo 6, 2025","format":false,"excerpt":"\u2022 3mm Quartz X-Grippy latex for synthetic turf grip \u2022 Negative cut for precise fit on smaller hands \u2022 3D latex backhand for punch protection \u2022 Breathable micro-mesh body keeps hands cool \u2022 Elastic wristband with secure latex closure","rel":"","context":"Entrada similar ","block_context":{"text":"Entrada similar ","link":""},"img":{"alt_text":"Black Widow Junior","src":"https:\/\/i0.wp.com\/ny-keepers.com\/wp-content\/uploads\/2025\/05\/IMG_6593.jpg?resize=350%2C200&ssl=1","width":350,"height":200,"srcset":"https:\/\/i0.wp.com\/ny-keepers.com\/wp-content\/uploads\/2025\/05\/IMG_6593.jpg?resize=350%2C200&ssl=1 1x, https:\/\/i0.wp.com\/ny-keepers.com\/wp-content\/uploads\/2025\/05\/IMG_6593.jpg?resize=525%2C300&ssl=1 1.5x, https:\/\/i0.wp.com\/ny-keepers.com\/wp-content\/uploads\/2025\/05\/IMG_6593.jpg?resize=700%2C400&ssl=1 2x, https:\/\/i0.wp.com\/ny-keepers.com\/wp-content\/uploads\/2025\/05\/IMG_6593.jpg?resize=1050%2C600&ssl=1 3x"},"classes":[]},{"id":20983,"url":"https:\/\/ny-keepers.com\/es\/producto\/nyk-warrior-x-grippy-kids-goalkeeper-gloves\/","url_meta":{"origin":21728,"position":5},"title":"NYK Warrior Junior","author":"admin","date":"agosto 25, 2025","format":false,"excerpt":"\u2022 3.5mm X-Grippy latex for strong grip on synthetic pitches \u2022 Snug negative cut for confident ball control \u2022 Breathable mesh body for comfort during play \u2022 Reinforced 3D latex backhand for added protection \u2022 Removable fingersave spines for youth safety","rel":"","context":"Con 1 comentario","block_context":{"text":"Con 1 comentario","link":"https:\/\/ny-keepers.com\/es\/producto\/nyk-warrior-x-grippy-kids-goalkeeper-gloves\/#comments"},"img":{"alt_text":"Warrior X-Grippy gloves backhand with 3D latex punch zone, Warrior X-Grippy Kids goalkeeper gloves Black & Gold edition front view","src":"https:\/\/i0.wp.com\/ny-keepers.com\/wp-content\/uploads\/2025\/08\/IMG_0758.jpg?resize=350%2C200&ssl=1","width":350,"height":200,"srcset":"https:\/\/i0.wp.com\/ny-keepers.com\/wp-content\/uploads\/2025\/08\/IMG_0758.jpg?resize=350%2C200&ssl=1 1x, https:\/\/i0.wp.com\/ny-keepers.com\/wp-content\/uploads\/2025\/08\/IMG_0758.jpg?resize=525%2C300&ssl=1 1.5x, https:\/\/i0.wp.com\/ny-keepers.com\/wp-content\/uploads\/2025\/08\/IMG_0758.jpg?resize=700%2C400&ssl=1 2x, https:\/\/i0.wp.com\/ny-keepers.com\/wp-content\/uploads\/2025\/08\/IMG_0758.jpg?resize=1050%2C600&ssl=1 3x"},"classes":[]}],"_links":{"self":[{"href":"https:\/\/ny-keepers.com\/es\/wp-json\/wp\/v2\/product\/21728","targetHints":{"allow":["GET"]}}],"collection":[{"href":"https:\/\/ny-keepers.com\/es\/wp-json\/wp\/v2\/product"}],"about":[{"href":"https:\/\/ny-keepers.com\/es\/wp-json\/wp\/v2\/types\/product"}],"replies":[{"embeddable":true,"href":"https:\/\/ny-keepers.com\/es\/wp-json\/wp\/v2\/comments?post=21728"}],"version-history":[{"count":8,"href":"https:\/\/ny-keepers.com\/es\/wp-json\/wp\/v2\/product\/21728\/revisions"}],"predecessor-version":[{"id":24058,"href":"https:\/\/ny-keepers.com\/es\/wp-json\/wp\/v2\/product\/21728\/revisions\/24058"}],"wp:featuredmedia":[{"embeddable":true,"href":"https:\/\/ny-keepers.com\/es\/wp-json\/wp\/v2\/media\/21729"}],"wp:attachment":[{"href":"https:\/\/ny-keepers.com\/es\/wp-json\/wp\/v2\/media?parent=21728"}],"wp:term":[{"taxonomy":"product_brand","embeddable":true,"href":"https:\/\/ny-keepers.com\/es\/wp-json\/wp\/v2\/product_brand?post=21728"},{"taxonomy":"product_cat","embeddable":true,"href":"https:\/\/ny-keepers.com\/es\/wp-json\/wp\/v2\/product_cat?post=21728"},{"taxonomy":"product_tag","embeddable":true,"href":"https:\/\/ny-keepers.com\/es\/wp-json\/wp\/v2\/product_tag?post=21728"},{"taxonomy":"woo-feed-brand","embeddable":true,"href":"https:\/\/ny-keepers.com\/es\/wp-json\/wp\/v2\/woo-feed-brand?post=21728"}],"curies":[{"name":"wp","href":"https:\/\/api.w.org\/{rel}","templated":true}]}}