{"id":21040,"date":"2025-08-26T00:40:01","date_gmt":"2025-08-26T04:40:01","guid":{"rendered":"https:\/\/rbg4dkfe3w.onrocket.site\/?post_type=product&#038;p=21040"},"modified":"2026-04-15T22:48:55","modified_gmt":"2026-04-16T02:48:55","slug":"nyk-evo-3-dark-knitt-goalkeeper-gloves","status":"publish","type":"product","link":"https:\/\/ny-keepers.com\/es\/producto\/nyk-evo-3-dark-knitt-goalkeeper-gloves\/","title":{"rendered":"NYK Evo 3 Dark Knitt"},"content":{"rendered":"<h2>Evo 3 Guantes De Portero De Punto Oscuro \u2013 La Transpirabilidad Se Encuentra Con La Precisi\u00f3n<\/h2>\n<p class=\"translation-block\">Los guantes de portero <strong>Evo 3 Dark Knitt<\/strong> est\u00e1n dise\u00f1ados para los porteros modernos que necesitan m\u00e1s que solo agarre: necesitan comodidad, transpirabilidad y control total. Con una construcci\u00f3n profesional de punto, opciones de doble l\u00e1tex (X-Basic y X-Plus) y caracter\u00edsticas avanzadas como la ventilaci\u00f3n de micromalla y las zonas de punz\u00f3n reforzadas, estos guantes se adaptan a cada condici\u00f3n de juego mientras mantienen las manos frescas, seguras y listas para la acci\u00f3n.<\/p>\n<p class=\"translation-block\"><b>Construcci\u00f3n de tejido de punto \u2013 Flexible y c\u00f3modo<\/b><br>\nEn el centro de los guantes de portero <strong>Evo 3 Dark Knitt<\/strong> se encuentra un cuerpo de tejido de punto. Este material se adapta naturalmente al movimiento de tu mano, proporcionando una sensaci\u00f3n de segunda piel que mejora la flexibilidad sin sacrificar la estabilidad. A diferencia de los guantes voluminosos tradicionales, el dise\u00f1o de punto es ligero y transpirable, por lo que es ideal para partidos extendidos o sesiones de entrenamiento. Con agujeros de ventilaci\u00f3n <strong> estrat\u00e9gicamente colocados en la punta de los dedos y la mu\u00f1eca<\/strong>, el flujo de aire se maximiza, evitando el sobrecalentamiento incluso bajo una intensa presi\u00f3n de coincidencia.<\/p>\n<p class=\"translation-block\"><b><a href=\"https:\/\/ny-keepers.com\/es\/the-best-grip\/\" target=\"_self\">Opciones de Palma<\/a> \u2013 X-Basic y X-Plus German Latex<\/b><br>\nCada portero tiene diferentes necesidades, por lo que el Dark Knitt viene en dos versiones de palma.<\/p>\n<ul>\n<li class=\"translation-block\"><strong>X-Basic German Latex:<\/strong> Dise\u00f1ado para una fiabilidad para todo clima, este l\u00e1tex ofrece un agarre constante en condiciones secas y h\u00famedas. Equilibra la pegajosidad y la durabilidad, por lo que es ideal para el entrenamiento y el juego competitivo en c\u00e9sped y c\u00e9sped.<\/li>\n<li class=\"translation-block\"><strong>X-Plus German Latex:<\/strong> Un compuesto de grado profesional que proporciona una pegajosidad extrema y hasta tres veces el agarre y la durabilidad del l\u00e1tex est\u00e1ndar. Construido para la competencia de nivel de \u00e9lite, ofrece el m\u00e1ximo control en escenarios de alta presi\u00f3n.<\/li>\n<\/ul>\n<p class=\"translation-block\">Ambas opciones cuentan con un dise\u00f1o <strong>negative cut<\/strong> para un ajuste c\u00f3modo y natural alrededor de los dedos, lo que garantiza que el l\u00e1tex se mantenga cerca de la pelota para un mejor manejo. Combinado con la envoltura <strong>thumb<\/strong>, el Evo 3 Dark Knitt aumenta el contacto de l\u00e1tex a bola, dando a los guardianes confianza en las salvas de la punta del dedo y bajas inmersiones.<\/p>\n<p class=\"translation-block\"><b>Backhand \u2013 Reforzado con Punch Zone<\/b><br>\nEl rev\u00e9s cuenta con <strong>3D latex con una zona de punz\u00f3n de gel de goma<\/strong>. Este refuerzo proporciona amortiguaci\u00f3n y control durante las holguras, asegurando que los punzones sean potentes y precisos. La estructura de l\u00e1tex en relieve a\u00f1ade flexibilidad al tiempo que protege contra el impacto repetido. Con su est\u00e9tica oscura agresiva, el guante no solo funciona a un alto nivel, sino que tambi\u00e9n hace una declaraci\u00f3n audaz en el campo.<\/p>\n<p class=\"translation-block\"><b>Micro-Mesh Gussets \u2013 Ventilaci\u00f3n y Durabilidad<\/b><br>\nUno de los aspectos m\u00e1s innovadores de los guantes de portero <strong>Evo 3 Dark Knitt<\/strong> es el uso de refuerzos de micromalla. Colocados en \u00e1reas de alto estr\u00e9s entre los dedos, tienen un doble prop\u00f3sito: mejorar la transpirabilidad y extender la durabilidad del guante. Este detalle garantiza que los porteros j\u00f3venes y senior experimenten comodidad y confiabilidad en cada sesi\u00f3n de entrenamiento y partido.<\/p>\n<p class=\"translation-block\"><b>Ajuste y cierre \u2013 Estabilidad sin restricci\u00f3n<\/b><br>\nEl ajuste de un guante de portero puede hacer o romper el rendimiento. El Dark Knitt ofrece una entrada de mu\u00f1eca el\u00e1stica <strong><\/strong> que hace que el deslizamiento en el guante sea f\u00e1cil y seguro. Junto con un cierre de correa de <strong>l\u00e1tex<\/strong>, el guante se bloquea en su lugar sin restringir el movimiento. La correa tambi\u00e9n incluye una zona de personalizaci\u00f3n, lo que permite a los cuidadores agregar su nombre, n\u00famero o mantra para un toque profesional.<\/p>\n<p class=\"translation-block\"><b>Rendimiento en cada condici\u00f3n<\/b><br>\nGracias a sus opciones de cuerpo de punto y l\u00e1tex, los guantes de portero <strong>Evo 3 Dark Knitt<\/strong> funcionan en cada escenario. Desde partidos de verano secos en el c\u00e9sped hasta noches de lluvia en hierba, el l\u00e1tex X-Basic ofrece una fiabilidad constante. Para los porteros en competiciones de \u00e9lite que exigen una pegajosidad absoluta, el l\u00e1tex X-Plus proporciona la ventaja de nivel profesional necesaria para dominar bajo presi\u00f3n.<\/p>\n<p class=\"translation-block\"><b>\u00bfQui\u00e9n deber\u00eda usar Evo 3 Dark Knitt? <\/b><br>\nEstos guantes son perfectos para los cuidadores que valoran el agarre, la comodidad y la transpirabilidad. Ya seas un aficionado ambicioso, un semiprofesional o que compite al m\u00e1s alto nivel, el Dark Knitt se adapta a tu estilo e intensidad.<\/p>\n<p class=\"translation-block\"><b>\u00bfPor qu\u00e9 elegir guantes de portero Evo 3 Dark Knitt? <\/b><br>\nPorque son m\u00e1s que guantes, son una inversi\u00f3n en rendimiento. Con comodidad de punto, opciones de doble l\u00e1tex y refuerzos modernos, los guantes de portero <strong>Evo 3 Dark Knitt<\/strong> ofrecen durabilidad, adaptabilidad y el dise\u00f1o de nivel profesional por el que se conoce a NYK. Encarnan el futuro del equipo de portero, d\u00e1ndole la libertad de jugar con precisi\u00f3n y confianza.<\/p>\n<p><em>Mant\u00e9n la calma. Mantente afilado. Domine cada atajada con Evo 3 Dark Knitt.<\/em><\/p>\n<p>Vis\u00edtenos en:<\/p>\n<p><a href=\"https:\/\/www.youtube.com\/@nyk_brand\" target=\"_blank\" rel=\"noopener\">YouTube<\/a>\u00a0|\u00a0<a href=\"https:\/\/www.instagram.com\/nyk.sport\/\" target=\"_blank\" rel=\"noopener\">Instagram\u00a0<\/a>|\u00a0<a href=\"https:\/\/www.tiktok.com\/@nyk.guantes\" target=\"_blank\" rel=\"noopener\">TikTok\u00a0<\/a>|\u00a0<a href=\"https:\/\/www.facebook.com\/nykUSA\" target=\"_blank\" rel=\"noopener\">Facebook<\/a><\/p>","protected":false},"excerpt":{"rendered":"<p class=\"p1\">\u2022 4mm \ud83c\udde9\ud83c\uddea German X-Basic or X-Plus latex for durable, all-weather grip<br \/>\n\u2022 Cuerpo de tejido de punto para una transpirabilidad superior<br \/>\n\u2022 Refuerzos de micro-malla con ventilaci\u00f3n en los dedos<br \/>\n\u2022 Ajuste ergon\u00f3mico para el control y la comodidad con corte negativo<br \/>\n\u2022 Construido para un juego moderno y de alta intensidad<\/p>","protected":false},"featured_media":12326,"comment_status":"open","ping_status":"closed","template":"","meta":{"_acf_changed":false,"site-sidebar-layout":"default","site-content-layout":"","ast-site-content-layout":"default","site-content-style":"default","site-sidebar-style":"default","ast-global-header-display":"","ast-banner-title-visibility":"","ast-main-header-display":"","ast-hfb-above-header-display":"","ast-hfb-below-header-display":"","ast-hfb-mobile-header-display":"","site-post-title":"","ast-breadcrumbs-content":"","ast-featured-img":"","footer-sml-layout":"","ast-disable-related-posts":"","theme-transparent-header-meta":"default","adv-header-id-meta":"","stick-header-meta":"","header-above-stick-meta":"","header-main-stick-meta":"","header-below-stick-meta":"","astra-migrate-meta-layouts":"set","ast-page-background-enabled":"default","ast-page-background-meta":{"desktop":{"background-color":"var(--ast-global-color-4)","background-image":"","background-repeat":"repeat","background-position":"center center","background-size":"auto","background-attachment":"scroll","background-type":"","background-media":"","overlay-type":"","overlay-color":"","overlay-opacity":"","overlay-gradient":""},"tablet":{"background-color":"","background-image":"","background-repeat":"repeat","background-position":"center center","background-size":"auto","background-attachment":"scroll","background-type":"","background-media":"","overlay-type":"","overlay-color":"","overlay-opacity":"","overlay-gradient":""},"mobile":{"background-color":"","background-image":"","background-repeat":"repeat","background-position":"center center","background-size":"auto","background-attachment":"scroll","background-type":"","background-media":"","overlay-type":"","overlay-color":"","overlay-opacity":"","overlay-gradient":""}},"ast-content-background-meta":{"desktop":{"background-color":"var(--ast-global-color-5)","background-image":"","background-repeat":"repeat","background-position":"center center","background-size":"auto","background-attachment":"scroll","background-type":"","background-media":"","overlay-type":"","overlay-color":"","overlay-opacity":"","overlay-gradient":""},"tablet":{"background-color":"var(--ast-global-color-5)","background-image":"","background-repeat":"repeat","background-position":"center center","background-size":"auto","background-attachment":"scroll","background-type":"","background-media":"","overlay-type":"","overlay-color":"","overlay-opacity":"","overlay-gradient":""},"mobile":{"background-color":"var(--ast-global-color-5)","background-image":"","background-repeat":"repeat","background-position":"center center","background-size":"auto","background-attachment":"scroll","background-type":"","background-media":"","overlay-type":"","overlay-color":"","overlay-opacity":"","overlay-gradient":""}}},"product_brand":[595],"product_cat":[414,341,425,352],"product_tag":[475,950,472,810,682,951,481,952,885,884],"woo-feed-brand":[],"class_list":{"0":"post-21040","1":"product","2":"type-product","3":"status-publish","4":"has-post-thumbnail","6":"product_brand-nyk","7":"product_cat-evo3","8":"product_cat-evo-3-knitt","9":"product_cat-negative-cut","10":"product_cat-outlet","11":"product_tag-breathable-goalkeeper-gloves","12":"product_tag-evo-3-dark-knitt-goalkeeper-gloves","13":"product_tag-german-latex-gloves","14":"product_tag-knitted-goalkeeper-gloves","15":"product_tag-negative-cut-goalkeeper-gloves","16":"product_tag-nyk-dark-knitt-gloves","17":"product_tag-pro-goalkeeper-gloves","18":"product_tag-thumb-wrap-gloves","19":"product_tag-x-basic-goalkeeper-gloves","20":"product_tag-x-plus-goalkeeper-gloves","21":"pa_colors-black","22":"pa_size-1031","23":"desktop-align-center","24":"tablet-align-left","25":"mobile-align-left","27":"first","28":"instock","29":"sale","30":"taxable","31":"shipping-taxable","32":"purchasable","33":"product-type-variable","34":"wvs-archive-product-wrapper"},"acf":[],"jetpack-related-posts":[{"id":20824,"url":"https:\/\/ny-keepers.com\/es\/producto\/evo-3-fenix-goalkeeper-gloves\/","url_meta":{"origin":21040,"position":0},"title":"NYK EVO 3 Fenix","author":"admin","date":"agosto 24, 2025","format":false,"excerpt":"\u2022 4mm \ud83c\udde9\ud83c\uddea German X-Basic or X-Plus latex for durable, all-weather grip \u2022 Hybrid cut for balanced comfort and ball contact \u2022 Lightweight knitted body for breathability and mobility \u2022 Reinforced latex backhand with punch zone \u2022 Secure elastic removable strap with personalization area","rel":"","context":"Con 1 comentario","block_context":{"text":"Con 1 comentario","link":"https:\/\/ny-keepers.com\/es\/producto\/evo-3-fenix-goalkeeper-gloves\/#comments"},"img":{"alt_text":"EVO 3 Fenix Goalkeeper Gloves | Neon Core &amp; Blaze X-Basic","src":"https:\/\/i0.wp.com\/ny-keepers.com\/wp-content\/uploads\/2025\/10\/Blue-plus-2.jpg?resize=350%2C200&ssl=1","width":350,"height":200,"srcset":"https:\/\/i0.wp.com\/ny-keepers.com\/wp-content\/uploads\/2025\/10\/Blue-plus-2.jpg?resize=350%2C200&ssl=1 1x, https:\/\/i0.wp.com\/ny-keepers.com\/wp-content\/uploads\/2025\/10\/Blue-plus-2.jpg?resize=525%2C300&ssl=1 1.5x, https:\/\/i0.wp.com\/ny-keepers.com\/wp-content\/uploads\/2025\/10\/Blue-plus-2.jpg?resize=700%2C400&ssl=1 2x, https:\/\/i0.wp.com\/ny-keepers.com\/wp-content\/uploads\/2025\/10\/Blue-plus-2.jpg?resize=1050%2C600&ssl=1 3x"},"classes":[]},{"id":20629,"url":"https:\/\/ny-keepers.com\/es\/producto\/nyk-rc12-goalkeeper-gloves\/","url_meta":{"origin":21040,"position":1},"title":"NYK RC12","author":"admin","date":"agosto 20, 2025","format":false,"excerpt":"\u2022 4mm \ud83c\udde9\ud83c\uddea German X-Basic or X-Plus latex for durable, all-weather grip \u2022 ERGO Roll cut for maximum ball contact \u2022 Breathable 3D mesh body for airflow comfort \u2022 Reinforced 3D latex backhand for punch control \u2022 Secure elastic wrist strap with personalization zone","rel":"","context":"Entrada similar ","block_context":{"text":"Entrada similar ","link":""},"img":{"alt_text":"NYK RC12 goalkeeper gloves with Ergo Roll Cut","src":"https:\/\/i0.wp.com\/ny-keepers.com\/wp-content\/uploads\/2025\/04\/IMG_5859.jpg?resize=350%2C200&ssl=1","width":350,"height":200,"srcset":"https:\/\/i0.wp.com\/ny-keepers.com\/wp-content\/uploads\/2025\/04\/IMG_5859.jpg?resize=350%2C200&ssl=1 1x, https:\/\/i0.wp.com\/ny-keepers.com\/wp-content\/uploads\/2025\/04\/IMG_5859.jpg?resize=525%2C300&ssl=1 1.5x, https:\/\/i0.wp.com\/ny-keepers.com\/wp-content\/uploads\/2025\/04\/IMG_5859.jpg?resize=700%2C400&ssl=1 2x, https:\/\/i0.wp.com\/ny-keepers.com\/wp-content\/uploads\/2025\/04\/IMG_5859.jpg?resize=1050%2C600&ssl=1 3x"},"classes":[]},{"id":20742,"url":"https:\/\/ny-keepers.com\/es\/producto\/nyk-ebony-goalkeeper-gloves\/","url_meta":{"origin":21040,"position":2},"title":"NYK Ebony","author":"admin","date":"agosto 21, 2025","format":false,"excerpt":"\u2022 44mm \ud83c\udde9\ud83c\uddea German X-Basic or X-Plus latex for durable, all-weather grip \u2022 Ergonomic palm cut with fingertip wrap for precise control \u2022 Breathable Flexi-Mesh body for airflow and long-session comfort \u2022 Reinforced 3D silicone backhand for controlled punches. \u2022 Secure elastic wrist strap with customizable personalization area","rel":"","context":"Entrada similar ","block_context":{"text":"Entrada similar ","link":""},"img":{"alt_text":"NYK Ebony goalkeeper gloves palm with German latex","src":"https:\/\/i0.wp.com\/ny-keepers.com\/wp-content\/uploads\/2025\/08\/SUNSET-PLUS.png?resize=350%2C200&ssl=1","width":350,"height":200,"srcset":"https:\/\/i0.wp.com\/ny-keepers.com\/wp-content\/uploads\/2025\/08\/SUNSET-PLUS.png?resize=350%2C200&ssl=1 1x, https:\/\/i0.wp.com\/ny-keepers.com\/wp-content\/uploads\/2025\/08\/SUNSET-PLUS.png?resize=525%2C300&ssl=1 1.5x, https:\/\/i0.wp.com\/ny-keepers.com\/wp-content\/uploads\/2025\/08\/SUNSET-PLUS.png?resize=700%2C400&ssl=1 2x, https:\/\/i0.wp.com\/ny-keepers.com\/wp-content\/uploads\/2025\/08\/SUNSET-PLUS.png?resize=1050%2C600&ssl=1 3x"},"classes":[]},{"id":20870,"url":"https:\/\/ny-keepers.com\/es\/producto\/nyk-black-widow-control-goalkeeper-gloves\/","url_meta":{"origin":21040,"position":3},"title":"NYK Black Widow","author":"admin","date":"agosto 24, 2025","format":false,"excerpt":"\u2022 4mm \ud83c\udde9\ud83c\uddea German X-Basic or X-Plus latex for durable, all-weather grip \u2022 Negative cut for precise, second-skin fit \u2022 Reinforced 3D latex backhand for punch control \u2022 Breathable micro-mesh zones for airflow \u2022 Secure elastic wrist with adjustable latex strap","rel":"","context":"Con 1 comentario","block_context":{"text":"Con 1 comentario","link":"https:\/\/ny-keepers.com\/es\/producto\/nyk-black-widow-control-goalkeeper-gloves\/#comments"},"img":{"alt_text":"Black Widow Control goalkeeper gloves Dark edition front view","src":"https:\/\/i0.wp.com\/ny-keepers.com\/wp-content\/uploads\/2025\/05\/BW-NIGTH.jpg?resize=350%2C200&ssl=1","width":350,"height":200,"srcset":"https:\/\/i0.wp.com\/ny-keepers.com\/wp-content\/uploads\/2025\/05\/BW-NIGTH.jpg?resize=350%2C200&ssl=1 1x, https:\/\/i0.wp.com\/ny-keepers.com\/wp-content\/uploads\/2025\/05\/BW-NIGTH.jpg?resize=525%2C300&ssl=1 1.5x, https:\/\/i0.wp.com\/ny-keepers.com\/wp-content\/uploads\/2025\/05\/BW-NIGTH.jpg?resize=700%2C400&ssl=1 2x, https:\/\/i0.wp.com\/ny-keepers.com\/wp-content\/uploads\/2025\/05\/BW-NIGTH.jpg?resize=1050%2C600&ssl=1 3x"},"classes":[]},{"id":20843,"url":"https:\/\/ny-keepers.com\/es\/producto\/nyk-evo4-ergo-goalkeeper-gloves\/","url_meta":{"origin":21040,"position":4},"title":"NYK EVO4 Ergo","author":"admin","date":"agosto 24, 2025","format":false,"excerpt":"\u2022 4mm \ud83c\udde9\ud83c\uddea German X-Basic or X-Plus latex for durable, all-weather grip \u2022 Flexi-Mesh\u2122 body for controlled elasticity & breathability \u2022 Ergonomic positive cut for natural ball handling \u2022 Reinforced 3D latex backhand for punch protection \u2022 Secure elastic + latex wrist strap with personalization zone","rel":"","context":"Entrada similar ","block_context":{"text":"Entrada similar ","link":""},"img":{"alt_text":"","src":"https:\/\/i0.wp.com\/ny-keepers.com\/wp-content\/uploads\/2025\/08\/COMPLETO-Evo4-blanco-Plus.jpg?resize=350%2C200&ssl=1","width":350,"height":200,"srcset":"https:\/\/i0.wp.com\/ny-keepers.com\/wp-content\/uploads\/2025\/08\/COMPLETO-Evo4-blanco-Plus.jpg?resize=350%2C200&ssl=1 1x, https:\/\/i0.wp.com\/ny-keepers.com\/wp-content\/uploads\/2025\/08\/COMPLETO-Evo4-blanco-Plus.jpg?resize=525%2C300&ssl=1 1.5x, https:\/\/i0.wp.com\/ny-keepers.com\/wp-content\/uploads\/2025\/08\/COMPLETO-Evo4-blanco-Plus.jpg?resize=700%2C400&ssl=1 2x, https:\/\/i0.wp.com\/ny-keepers.com\/wp-content\/uploads\/2025\/08\/COMPLETO-Evo4-blanco-Plus.jpg?resize=1050%2C600&ssl=1 3x"},"classes":[]},{"id":21978,"url":"https:\/\/ny-keepers.com\/es\/producto\/nyk-new-compact-1-goalkeeper-gloves\/","url_meta":{"origin":21040,"position":5},"title":"NYK New Compact1 2.0","author":"admin","date":"octubre 20, 2025","format":false,"excerpt":"\u2022 4mm \ud83c\udde9\ud83c\uddea German X-Basic or X-Plus latex for durable, all-weather grip \u2022 Hybrid cut for precision and comfortable fit \u2022 Breathable micro-mesh for airflow and flexibility \u2022 3D latex backhand for confident punching \u2022 Silicone grip system for added control","rel":"","context":"Con 1 comentario","block_context":{"text":"Con 1 comentario","link":"https:\/\/ny-keepers.com\/es\/producto\/nyk-new-compact-1-goalkeeper-gloves\/#comments"},"img":{"alt_text":"Compact 1 Goalkeeper Gloves | X-Basic &amp; X-Plus | NYK","src":"https:\/\/i0.wp.com\/ny-keepers.com\/wp-content\/uploads\/2025\/10\/yellow-black.jpg?resize=350%2C200&ssl=1","width":350,"height":200,"srcset":"https:\/\/i0.wp.com\/ny-keepers.com\/wp-content\/uploads\/2025\/10\/yellow-black.jpg?resize=350%2C200&ssl=1 1x, https:\/\/i0.wp.com\/ny-keepers.com\/wp-content\/uploads\/2025\/10\/yellow-black.jpg?resize=525%2C300&ssl=1 1.5x, https:\/\/i0.wp.com\/ny-keepers.com\/wp-content\/uploads\/2025\/10\/yellow-black.jpg?resize=700%2C400&ssl=1 2x, https:\/\/i0.wp.com\/ny-keepers.com\/wp-content\/uploads\/2025\/10\/yellow-black.jpg?resize=1050%2C600&ssl=1 3x"},"classes":[]}],"_links":{"self":[{"href":"https:\/\/ny-keepers.com\/es\/wp-json\/wp\/v2\/product\/21040","targetHints":{"allow":["GET"]}}],"collection":[{"href":"https:\/\/ny-keepers.com\/es\/wp-json\/wp\/v2\/product"}],"about":[{"href":"https:\/\/ny-keepers.com\/es\/wp-json\/wp\/v2\/types\/product"}],"replies":[{"embeddable":true,"href":"https:\/\/ny-keepers.com\/es\/wp-json\/wp\/v2\/comments?post=21040"}],"version-history":[{"count":9,"href":"https:\/\/ny-keepers.com\/es\/wp-json\/wp\/v2\/product\/21040\/revisions"}],"predecessor-version":[{"id":24276,"href":"https:\/\/ny-keepers.com\/es\/wp-json\/wp\/v2\/product\/21040\/revisions\/24276"}],"wp:featuredmedia":[{"embeddable":true,"href":"https:\/\/ny-keepers.com\/es\/wp-json\/wp\/v2\/media\/12326"}],"wp:attachment":[{"href":"https:\/\/ny-keepers.com\/es\/wp-json\/wp\/v2\/media?parent=21040"}],"wp:term":[{"taxonomy":"product_brand","embeddable":true,"href":"https:\/\/ny-keepers.com\/es\/wp-json\/wp\/v2\/product_brand?post=21040"},{"taxonomy":"product_cat","embeddable":true,"href":"https:\/\/ny-keepers.com\/es\/wp-json\/wp\/v2\/product_cat?post=21040"},{"taxonomy":"product_tag","embeddable":true,"href":"https:\/\/ny-keepers.com\/es\/wp-json\/wp\/v2\/product_tag?post=21040"},{"taxonomy":"woo-feed-brand","embeddable":true,"href":"https:\/\/ny-keepers.com\/es\/wp-json\/wp\/v2\/woo-feed-brand?post=21040"}],"curies":[{"name":"wp","href":"https:\/\/api.w.org\/{rel}","templated":true}]}}