{"id":20889,"date":"2025-08-24T14:06:05","date_gmt":"2025-08-24T18:06:05","guid":{"rendered":"https:\/\/rbg4dkfe3w.onrocket.site\/?post_type=product&#038;p=20889"},"modified":"2026-04-15T18:25:11","modified_gmt":"2026-04-15T22:25:11","slug":"nyk-compact-1-goalkeeper-gloves","status":"publish","type":"product","link":"https:\/\/ny-keepers.com\/es\/producto\/nyk-compact-1-goalkeeper-gloves\/","title":{"rendered":"NYK Compact1"},"content":{"rendered":"<h2>Guantes de portero compactos 1: dominan con estilo, precisi\u00f3n y control<\/h2>\n<p class=\"translation-block\">Los guantes de portero Compact 1est\u00e1n dise\u00f1ados para guardametas que buscan confianza, precisi\u00f3n y presencia. Disponibles en cuatro llamativos colores \u2014Negro\/Azul, Negro\/Amarillo Fl\u00faor, Negro\/Naranja y Negro Total\u2014, la l\u00ednea Compact 1 ofrece opciones de l\u00e1texX-BasicyX-Pluspara adaptarse a tu nivel de juego. Ya sea en entrenamientos o partidos importantes, estos guantes combinan tecnolog\u00eda profesional con un dise\u00f1o impactante.<\/p>\n<p class=\"translation-block\">Palma \u2013 L\u00e1tex alem\u00e1n X-Basic y X-Plus\nEn el coraz\u00f3n de los guantes de portero Compact 1 se encuentra el l\u00e1tex alem\u00e1n de primera calidad que usted elija:<\/p>\n<ul>\n<li class=\"translation-block\">L\u00e1tex X-Basic : Fiable y duradero, este l\u00e1tex ofrece un agarre constante en cualquier clima. Ideal para entrenamientos intensos y competiciones donde la durabilidad y el equilibrio son fundamentales.<\/li>\n<li class=\"translation-block\">L\u00e1tex X-Plus : Adherencia y durabilidad de nivel profesional, que ofrece hasta 3 veces m\u00e1s agarre y control que las espumas est\u00e1ndar. Perfecto para porteros que exigen un rendimiento de \u00e9lite en condiciones de alta presi\u00f3n.<\/li>\n<\/ul>\n<p class=\"translation-block\">Ambas opciones de l\u00e1tex ofrecen tracci\u00f3n segura, absorci\u00f3n de impactos y un rendimiento profesional. Descubra las ventajas de nuestra tecnolog\u00eda de l\u00e1tex alemana .<\/p>\n<p class=\"translation-block\">Corte \u2013 Corte h\u00edbrido ergon\u00f3mico.\nEl Compact 1 utiliza un corte h\u00edbrido en la palma, una fusi\u00f3n de cortes tipo roll finger y negativos. Este dise\u00f1o ergon\u00f3mico se adapta naturalmente a los dedos, maximizando el contacto del l\u00e1tex con la pelota y manteniendo la flexibilidad y la sensibilidad. El resultado es un guante que se siente como una extensi\u00f3n de la mano, respondiendo instant\u00e1neamente a cada movimiento.<\/p>\n<p class=\"translation-block\">Cuerpo \u2013 Confecci\u00f3n en micromalla transpirable\n. El sudor y la incomodidad pueden perjudicar las paradas. Por eso, los guantes de portero Compact 1 est\u00e1n confeccionados con un cuerpo de micromalla que mejora la ventilaci\u00f3n y reduce la acumulaci\u00f3n de humedad. El tejido ligero garantiza manos frescas, incluso en sesiones prolongadas, permitiendo a los porteros concentrarse en su rendimiento sin distracciones.<\/p>\n<p class=\"translation-block\">Dorso \u2013 L\u00e1tex 3D reforzado de 3,5 mm\n. El dorso combina protecci\u00f3n contra impactos con flexibilidad. Fabricado con l\u00e1tex 3D reforzado de 3,5 mm, amortigua la mano durante los golpes y absorbe el impacto en bloqueos fuertes. Su dise\u00f1o texturizado no solo brinda mayor protecci\u00f3n, sino que tambi\u00e9n le da al guante una est\u00e9tica elegante y profesional.<\/p>\n<p class=\"translation-block\">Sistema de agarre interno de silicona:\nDentro del guante, un sistema de agarre de silicona integrado reduce el deslizamiento. Esto garantiza que el guante permanezca sujeto a la mano, proporcionando una estabilidad inigualable y eliminando distracciones. Cada inmersi\u00f3n y reacci\u00f3n se siente natural, segura y con total control.<\/p>\n<p class=\"translation-block\">Mu\u00f1eca \u2013 Entrada ultrasuave + Correa de l\u00e1tex.\nLa entrada el\u00e1stica ultrasuave permite ponerse el guante Compact 1 de forma r\u00e1pida y sencilla, mientras que el cierre de la correa de l\u00e1tex asegura un ajuste perfecto. La correa incluye un \u00e1rea de personalizaci\u00f3n donde puedes a\u00f1adir tu nombre, n\u00famero o frase motivadora.<\/p>\n<p><b>Design Identity \u2013 Four Bold Colorways<\/b><br \/>\nEl <strong>Compact 1 goalkeeper gloves<\/strong> are available in four distinct styles:<\/p>\n<ul>\n<li><strong>Black\/Blue:<\/strong> Precision and calm confidence.<\/li>\n<li><strong>Black\/Yellow Fluo:<\/strong> Energy and bold intensity.<\/li>\n<li><strong>Black\/Orange:<\/strong> Aggression and fearless power.<\/li>\n<li><strong>Total Black:<\/strong> Minimalist elegance with ruthless intent.<\/li>\n<\/ul>\n<p>Each version is designed to stand out while maintaining the same pro-level DNA of grip, durability, and comfort.<\/p>\n<p class=\"translation-block\">\u00bfPara qui\u00e9n son los guantes Compact 1?\nLos Compact 1 est\u00e1n dise\u00f1ados para porteros de nivel competitivo y profesional que buscan agarre, estilo y rendimiento. Aptos para condiciones h\u00famedas y secas, tanto para entrenamientos como para partidos, estos guantes est\u00e1n pensados \u200b\u200bpara atletas que desean un equipamiento que refleje su intensidad y precisi\u00f3n.<\/p>\n<p class=\"translation-block\">\u00bfPor qu\u00e9 elegir los guantes de portero Compact 1?\nPorque ofrecen mucho m\u00e1s que protecci\u00f3n: brindan control, confianza y un estilo propio. Con la opci\u00f3n de l\u00e1tex X-Basic o X-Plus, corte ergon\u00f3mico h\u00edbrido, tejido transpirable y dorso reforzado, los guantes de portero Compact 1 se adaptan a tu estilo y mejoran tu rendimiento.<\/p>\n<p><em>Juega con audacia. Defiende con precisi\u00f3n. Usa Compact 1.<\/em><\/p>\n<p>Vis\u00edtenos en:<\/p>\n<p><a href=\"https:\/\/www.youtube.com\/@nyk_brand\" target=\"_blank\" rel=\"noopener\">YouTube<\/a>\u00a0|\u00a0<a href=\"https:\/\/www.instagram.com\/nyk.sport\/\" target=\"_blank\" rel=\"noopener\">Instagram\u00a0<\/a>|\u00a0<a href=\"https:\/\/www.tiktok.com\/@nyk.guantes\" target=\"_blank\" rel=\"noopener\">TikTok\u00a0<\/a>|\u00a0<a href=\"https:\/\/www.facebook.com\/nykUSA\" target=\"_blank\" rel=\"noopener\">Facebook<\/a><\/p>","protected":false},"excerpt":{"rendered":"<p>\u2022 4mm L\u00e1tex X-B\u00e1sic o X-Plus Alem\u00e1n para agarre de \u00e9lite<br \/>\n\u2022 Hybrid cut for precision and natural hand feel<br \/>\n\u2022 Breathable micro-mesh body for all-day comfort<br \/>\n\u2022 3.5mm reinforced 3D latex backhand for punch control<br \/>\n\u2022 Internal silicone grip system for locked-in fit<\/p>","protected":false},"featured_media":13193,"comment_status":"open","ping_status":"closed","template":"","meta":{"_acf_changed":false,"site-sidebar-layout":"default","site-content-layout":"","ast-site-content-layout":"default","site-content-style":"default","site-sidebar-style":"default","ast-global-header-display":"","ast-banner-title-visibility":"","ast-main-header-display":"","ast-hfb-above-header-display":"","ast-hfb-below-header-display":"","ast-hfb-mobile-header-display":"","site-post-title":"","ast-breadcrumbs-content":"","ast-featured-img":"","footer-sml-layout":"","ast-disable-related-posts":"","theme-transparent-header-meta":"default","adv-header-id-meta":"","stick-header-meta":"","header-above-stick-meta":"","header-main-stick-meta":"","header-below-stick-meta":"","astra-migrate-meta-layouts":"set","ast-page-background-enabled":"default","ast-page-background-meta":{"desktop":{"background-color":"var(--ast-global-color-4)","background-image":"","background-repeat":"repeat","background-position":"center center","background-size":"auto","background-attachment":"scroll","background-type":"","background-media":"","overlay-type":"","overlay-color":"","overlay-opacity":"","overlay-gradient":""},"tablet":{"background-color":"","background-image":"","background-repeat":"repeat","background-position":"center center","background-size":"auto","background-attachment":"scroll","background-type":"","background-media":"","overlay-type":"","overlay-color":"","overlay-opacity":"","overlay-gradient":""},"mobile":{"background-color":"","background-image":"","background-repeat":"repeat","background-position":"center center","background-size":"auto","background-attachment":"scroll","background-type":"","background-media":"","overlay-type":"","overlay-color":"","overlay-opacity":"","overlay-gradient":""}},"ast-content-background-meta":{"desktop":{"background-color":"var(--ast-global-color-5)","background-image":"","background-repeat":"repeat","background-position":"center center","background-size":"auto","background-attachment":"scroll","background-type":"","background-media":"","overlay-type":"","overlay-color":"","overlay-opacity":"","overlay-gradient":""},"tablet":{"background-color":"var(--ast-global-color-5)","background-image":"","background-repeat":"repeat","background-position":"center center","background-size":"auto","background-attachment":"scroll","background-type":"","background-media":"","overlay-type":"","overlay-color":"","overlay-opacity":"","overlay-gradient":""},"mobile":{"background-color":"var(--ast-global-color-5)","background-image":"","background-repeat":"repeat","background-position":"center center","background-size":"auto","background-attachment":"scroll","background-type":"","background-media":"","overlay-type":"","overlay-color":"","overlay-opacity":"","overlay-gradient":""}}},"product_brand":[595],"product_cat":[408,422,352,344],"product_tag":[475,904,905,906,631,472,599,474,533,486],"woo-feed-brand":[],"class_list":{"0":"post-20889","1":"product","2":"type-product","3":"status-publish","4":"has-post-thumbnail","6":"product_brand-nyk","7":"product_cat-compact-1","8":"product_cat-ergo-hybrid-cut","9":"product_cat-outlet","10":"product_cat-professional-gloves","11":"product_tag-breathable-goalkeeper-gloves","12":"product_tag-compact-1-goalkeeper-gloves","13":"product_tag-compact-1-x-basic","14":"product_tag-compact-1-x-plus","15":"product_tag-elite-grip-gloves","16":"product_tag-german-latex-gloves","17":"product_tag-hybrid-cut-goalkeeper-gloves","18":"product_tag-nyk-gloves","19":"product_tag-professional-goalie-gloves","20":"product_tag-soccer-goalkeeper-gloves","21":"pa_colors-black","22":"pa_colors-black-orange","23":"pa_size-1032","24":"desktop-align-center","25":"tablet-align-left","26":"mobile-align-left","28":"first","29":"instock","30":"sale","31":"taxable","32":"shipping-taxable","33":"purchasable","34":"product-type-variable","35":"wvs-archive-product-wrapper"},"acf":[],"jetpack-related-posts":[{"id":21978,"url":"https:\/\/ny-keepers.com\/es\/producto\/nyk-new-compact-1-goalkeeper-gloves\/","url_meta":{"origin":20889,"position":0},"title":"NYK New Compact1 2.0","author":"admin","date":"octubre 20, 2025","format":false,"excerpt":"\u2022 4mm \ud83c\udde9\ud83c\uddea German X-Basic or X-Plus latex for durable, all-weather grip \u2022 Hybrid cut for precision and comfortable fit \u2022 Breathable micro-mesh for airflow and flexibility \u2022 3D latex backhand for confident punching \u2022 Silicone grip system for added control","rel":"","context":"Con 1 comentario","block_context":{"text":"Con 1 comentario","link":"https:\/\/ny-keepers.com\/es\/producto\/nyk-new-compact-1-goalkeeper-gloves\/#comments"},"img":{"alt_text":"Compact 1 Goalkeeper Gloves | X-Basic &amp; X-Plus | NYK","src":"https:\/\/i0.wp.com\/ny-keepers.com\/wp-content\/uploads\/2025\/10\/yellow-black.jpg?resize=350%2C200&ssl=1","width":350,"height":200,"srcset":"https:\/\/i0.wp.com\/ny-keepers.com\/wp-content\/uploads\/2025\/10\/yellow-black.jpg?resize=350%2C200&ssl=1 1x, https:\/\/i0.wp.com\/ny-keepers.com\/wp-content\/uploads\/2025\/10\/yellow-black.jpg?resize=525%2C300&ssl=1 1.5x, https:\/\/i0.wp.com\/ny-keepers.com\/wp-content\/uploads\/2025\/10\/yellow-black.jpg?resize=700%2C400&ssl=1 2x, https:\/\/i0.wp.com\/ny-keepers.com\/wp-content\/uploads\/2025\/10\/yellow-black.jpg?resize=1050%2C600&ssl=1 3x"},"classes":[]},{"id":20870,"url":"https:\/\/ny-keepers.com\/es\/producto\/nyk-black-widow-control-goalkeeper-gloves\/","url_meta":{"origin":20889,"position":1},"title":"NYK Black Widow","author":"admin","date":"agosto 24, 2025","format":false,"excerpt":"\u2022 4mm \ud83c\udde9\ud83c\uddea German X-Basic or X-Plus latex for durable, all-weather grip \u2022 Negative cut for precise, second-skin fit \u2022 Reinforced 3D latex backhand for punch control \u2022 Breathable micro-mesh zones for airflow \u2022 Secure elastic wrist with adjustable latex strap","rel":"","context":"Con 1 comentario","block_context":{"text":"Con 1 comentario","link":"https:\/\/ny-keepers.com\/es\/producto\/nyk-black-widow-control-goalkeeper-gloves\/#comments"},"img":{"alt_text":"Black Widow Control goalkeeper gloves Dark edition front view","src":"https:\/\/i0.wp.com\/ny-keepers.com\/wp-content\/uploads\/2025\/05\/BW-NIGTH.jpg?resize=350%2C200&ssl=1","width":350,"height":200,"srcset":"https:\/\/i0.wp.com\/ny-keepers.com\/wp-content\/uploads\/2025\/05\/BW-NIGTH.jpg?resize=350%2C200&ssl=1 1x, https:\/\/i0.wp.com\/ny-keepers.com\/wp-content\/uploads\/2025\/05\/BW-NIGTH.jpg?resize=525%2C300&ssl=1 1.5x, https:\/\/i0.wp.com\/ny-keepers.com\/wp-content\/uploads\/2025\/05\/BW-NIGTH.jpg?resize=700%2C400&ssl=1 2x, https:\/\/i0.wp.com\/ny-keepers.com\/wp-content\/uploads\/2025\/05\/BW-NIGTH.jpg?resize=1050%2C600&ssl=1 3x"},"classes":[]},{"id":24177,"url":"https:\/\/ny-keepers.com\/es\/producto\/nyk-compact1-junior\/","url_meta":{"origin":20889,"position":2},"title":"NYK Compact1 Junior","author":"admin","date":"marzo 16, 2026","format":false,"excerpt":"\u2022 4mm German \ud83c\udde9\ud83c\uddea X-Basic grip latex \u2022 Ergonomic Hybrid cut for precision and natural hand feel \u2022 Double Wrap Elastic Wrist Strap \u2022 Breathable Micro-Mesh body \u2022 Professional all White design","rel":"","context":"Entrada similar ","block_context":{"text":"Entrada similar ","link":""},"img":{"alt_text":"Compact 1 Junior","src":"https:\/\/i0.wp.com\/ny-keepers.com\/wp-content\/uploads\/2026\/03\/IMG_0010.jpg?resize=350%2C200&ssl=1","width":350,"height":200,"srcset":"https:\/\/i0.wp.com\/ny-keepers.com\/wp-content\/uploads\/2026\/03\/IMG_0010.jpg?resize=350%2C200&ssl=1 1x, https:\/\/i0.wp.com\/ny-keepers.com\/wp-content\/uploads\/2026\/03\/IMG_0010.jpg?resize=525%2C300&ssl=1 1.5x, https:\/\/i0.wp.com\/ny-keepers.com\/wp-content\/uploads\/2026\/03\/IMG_0010.jpg?resize=700%2C400&ssl=1 2x, https:\/\/i0.wp.com\/ny-keepers.com\/wp-content\/uploads\/2026\/03\/IMG_0010.jpg?resize=1050%2C600&ssl=1 3x"},"classes":[]},{"id":21040,"url":"https:\/\/ny-keepers.com\/es\/producto\/nyk-evo-3-dark-knitt-goalkeeper-gloves\/","url_meta":{"origin":20889,"position":3},"title":"NYK Evo 3 Dark Knitt","author":"admin","date":"agosto 26, 2025","format":false,"excerpt":"\u2022 4mm \ud83c\udde9\ud83c\uddea German X-Basic or X-Plus latex for durable, all-weather grip \u2022 Knitted fabric body for superior breathability \u2022 Micro-mesh gussets with finger ventilation \u2022 Ergonomic fit for control and comfort with negative Cut \u2022 Built for modern, high-intensity play","rel":"","context":"Con 1 comentario","block_context":{"text":"Con 1 comentario","link":"https:\/\/ny-keepers.com\/es\/producto\/nyk-evo-3-dark-knitt-goalkeeper-gloves\/#comments"},"img":{"alt_text":"Evo 3 Dark Knitt goalkeeper gloves front view","src":"https:\/\/i0.wp.com\/ny-keepers.com\/wp-content\/uploads\/2024\/04\/EVO3.jpg?resize=350%2C200&ssl=1","width":350,"height":200,"srcset":"https:\/\/i0.wp.com\/ny-keepers.com\/wp-content\/uploads\/2024\/04\/EVO3.jpg?resize=350%2C200&ssl=1 1x, https:\/\/i0.wp.com\/ny-keepers.com\/wp-content\/uploads\/2024\/04\/EVO3.jpg?resize=525%2C300&ssl=1 1.5x, https:\/\/i0.wp.com\/ny-keepers.com\/wp-content\/uploads\/2024\/04\/EVO3.jpg?resize=700%2C400&ssl=1 2x, https:\/\/i0.wp.com\/ny-keepers.com\/wp-content\/uploads\/2024\/04\/EVO3.jpg?resize=1050%2C600&ssl=1 3x"},"classes":[]},{"id":20610,"url":"https:\/\/ny-keepers.com\/es\/producto\/nyk-skeltech-goalkeeper-gloves\/","url_meta":{"origin":20889,"position":4},"title":"NYK Skeltech","author":"admin","date":"agosto 20, 2025","format":false,"excerpt":"\u2022 4mm \ud83c\udde9\ud83c\uddea German X-Basic or X-Plus latex for durable, all-weather grip \u2022 Hybrid Gecko cut for second-skin finger control \u2022 Lightweight neoprene and mesh for breathable comfort \u2022 Skeletal backhand with reinforced punch zone \u2022 Elastic wrist strap with secure personalized fit","rel":"","context":"Entrada similar ","block_context":{"text":"Entrada similar ","link":""},"img":{"alt_text":"NYK Skeltech goalkeeper gloves front view with Hybrid Gecko Cut","src":"https:\/\/i0.wp.com\/ny-keepers.com\/wp-content\/uploads\/2025\/07\/completo-x-plus.jpg?resize=350%2C200&ssl=1","width":350,"height":200,"srcset":"https:\/\/i0.wp.com\/ny-keepers.com\/wp-content\/uploads\/2025\/07\/completo-x-plus.jpg?resize=350%2C200&ssl=1 1x, https:\/\/i0.wp.com\/ny-keepers.com\/wp-content\/uploads\/2025\/07\/completo-x-plus.jpg?resize=525%2C300&ssl=1 1.5x, https:\/\/i0.wp.com\/ny-keepers.com\/wp-content\/uploads\/2025\/07\/completo-x-plus.jpg?resize=700%2C400&ssl=1 2x, https:\/\/i0.wp.com\/ny-keepers.com\/wp-content\/uploads\/2025\/07\/completo-x-plus.jpg?resize=1050%2C600&ssl=1 3x, https:\/\/i0.wp.com\/ny-keepers.com\/wp-content\/uploads\/2025\/07\/completo-x-plus.jpg?resize=1400%2C800&ssl=1 4x"},"classes":[]},{"id":20693,"url":"https:\/\/ny-keepers.com\/es\/producto\/nyk-jogra2-goalkeeper-gloves\/","url_meta":{"origin":20889,"position":5},"title":"NYK JOGRA2","author":"admin","date":"agosto 21, 2025","format":false,"excerpt":"\u2022 4mm \ud83c\udde9\ud83c\uddea German X-Basic or X-Plus latex for durable, all-weather grip \u2022 NYK Giko Cut for precision ball control \u2022 Breathable Flexi-Mesh for airflow and comfort \u2022 3D silicone backhand with rubber punch zone \u2022 Adaptive Flex wrist strap with personalization area","rel":"","context":"Con 2 comentarios","block_context":{"text":"Con 2 comentarios","link":"https:\/\/ny-keepers.com\/es\/producto\/nyk-jogra2-goalkeeper-gloves\/#comments"},"img":{"alt_text":"NYK JOGRA2 Goalkeeper Gloves White Mark","src":"https:\/\/i0.wp.com\/ny-keepers.com\/wp-content\/uploads\/2025\/06\/White-Gold.jpg?resize=350%2C200&ssl=1","width":350,"height":200,"srcset":"https:\/\/i0.wp.com\/ny-keepers.com\/wp-content\/uploads\/2025\/06\/White-Gold.jpg?resize=350%2C200&ssl=1 1x, https:\/\/i0.wp.com\/ny-keepers.com\/wp-content\/uploads\/2025\/06\/White-Gold.jpg?resize=525%2C300&ssl=1 1.5x, https:\/\/i0.wp.com\/ny-keepers.com\/wp-content\/uploads\/2025\/06\/White-Gold.jpg?resize=700%2C400&ssl=1 2x, https:\/\/i0.wp.com\/ny-keepers.com\/wp-content\/uploads\/2025\/06\/White-Gold.jpg?resize=1050%2C600&ssl=1 3x"},"classes":[]}],"_links":{"self":[{"href":"https:\/\/ny-keepers.com\/es\/wp-json\/wp\/v2\/product\/20889","targetHints":{"allow":["GET"]}}],"collection":[{"href":"https:\/\/ny-keepers.com\/es\/wp-json\/wp\/v2\/product"}],"about":[{"href":"https:\/\/ny-keepers.com\/es\/wp-json\/wp\/v2\/types\/product"}],"replies":[{"embeddable":true,"href":"https:\/\/ny-keepers.com\/es\/wp-json\/wp\/v2\/comments?post=20889"}],"version-history":[{"count":6,"href":"https:\/\/ny-keepers.com\/es\/wp-json\/wp\/v2\/product\/20889\/revisions"}],"predecessor-version":[{"id":23935,"href":"https:\/\/ny-keepers.com\/es\/wp-json\/wp\/v2\/product\/20889\/revisions\/23935"}],"wp:featuredmedia":[{"embeddable":true,"href":"https:\/\/ny-keepers.com\/es\/wp-json\/wp\/v2\/media\/13193"}],"wp:attachment":[{"href":"https:\/\/ny-keepers.com\/es\/wp-json\/wp\/v2\/media?parent=20889"}],"wp:term":[{"taxonomy":"product_brand","embeddable":true,"href":"https:\/\/ny-keepers.com\/es\/wp-json\/wp\/v2\/product_brand?post=20889"},{"taxonomy":"product_cat","embeddable":true,"href":"https:\/\/ny-keepers.com\/es\/wp-json\/wp\/v2\/product_cat?post=20889"},{"taxonomy":"product_tag","embeddable":true,"href":"https:\/\/ny-keepers.com\/es\/wp-json\/wp\/v2\/product_tag?post=20889"},{"taxonomy":"woo-feed-brand","embeddable":true,"href":"https:\/\/ny-keepers.com\/es\/wp-json\/wp\/v2\/woo-feed-brand?post=20889"}],"curies":[{"name":"wp","href":"https:\/\/api.w.org\/{rel}","templated":true}]}}