{"id":20870,"date":"2025-08-24T13:29:51","date_gmt":"2025-08-24T17:29:51","guid":{"rendered":"https:\/\/rbg4dkfe3w.onrocket.site\/?post_type=product&#038;p=20870"},"modified":"2026-04-27T17:07:56","modified_gmt":"2026-04-27T21:07:56","slug":"nyk-black-widow-control-goalkeeper-gloves","status":"publish","type":"product","link":"https:\/\/ny-keepers.com\/es\/producto\/nyk-black-widow-control-goalkeeper-gloves\/","title":{"rendered":"NYK Black Widow"},"content":{"rendered":"<h2>Guantes de portero Black Widow \u2013 Agarre mortal, precisi\u00f3n profesional<\/h2>\n<p class=\"translation-block\">Los guantes de portero <strong>Black Widow Control<\/strong> est\u00e1n dise\u00f1ados para porteros que exigen estilo, precisi\u00f3n y rendimiento de \u00e9lite bajo presi\u00f3n. Desarrollados con aportaciones del portero internacional Iv\u00e1n Mauricio Arboleda, estos guantes est\u00e1n disponibles en dos ediciones: <strong>Dark Control<\/strong> y <strong>White Control<\/strong>\u2014 y ofrecen una opci\u00f3n entre <strong>X-Basic<\/strong> y <strong>X-Plus<\/strong> latex. Cada detalle est\u00e1 dise\u00f1ado para dar a los porteros la ventaja, ya sea en la competici\u00f3n de entrenamiento o de alto riesgo.<\/p>\n<p class=\"translation-block\"><b>Palm \u2013 Opciones de l\u00e1tex alem\u00e1n<\/b><br>\nEn el coraz\u00f3n de la <strong>Black Widow Control, los guantes de portero<\/strong> est\u00e1n la palma, disponibles en dos compuestos profesionales de l\u00e1tex:<\/p>\n<ul>\n<li class=\"translation-block\"><strong>X-Basic Latex<\/strong>: Un l\u00e1tex alem\u00e1n de alta calidad que ofrece un agarre fiable para todo tipo de clima y una durabilidad prolongada. Ideal para entrenamientos intensos y porteros que necesitan un control constante en muchas sesiones.<\/li>\n<li class=\"translation-block\"><strong>X-Plus Latex<\/strong>: L\u00e1tex alem\u00e1n premium dise\u00f1ado para el agarre de nivel de \u00e9lite, proporcionando hasta tres veces m\u00e1s pegajosidad y retenci\u00f3n que las espumas est\u00e1ndar. Perfecto para partidos de alta presi\u00f3n donde cada extremo de la punta de los dedos ahorran cosas.<\/li>\n<\/ul>\n<p>Ambas opciones de l\u00e1tex proporcionan tracci\u00f3n a nivel profesional, absorci\u00f3n de impactos y seguridad. Conozca m\u00e1s sobre el desempe\u00f1o de nuestro <a href=\"https:\/\/ny-keepers.com\/es\/the-best-grip\/\">German latex<\/a> technology.<\/p>\n<p class=\"translation-block\"><b>Cut \u2013 Corte negativo para el manejo de precisi\u00f3n<\/b><br>\nLa Viuda Negra utiliza un corte negativo, creando un ajuste c\u00f3modo y de segunda piel. Las costuras internas eliminan el exceso de material, maximizando el contacto con la bola y la capacidad de respuesta. Este dise\u00f1o es perfecto para los porteros que conf\u00edan en los reflejos afilados y la precisi\u00f3n de la punta de los dedos, haciendo que los guantes de portero <strong>Black Widow Control<\/strong> se sientan como una extensi\u00f3n natural de tus manos.<\/p>\n<p class=\"translation-block\"><b>Backhand &amp; Structure \u2013 Fuerza con Flexibilidad<\/b><br>\nEl rev\u00e9s de l\u00e1tex de 3mm est\u00e1 reforzado con 2mm de espuma interior para una amortiguaci\u00f3n, control y protecci\u00f3n equilibradas. Los refuerzos de micromalla ventiladas mejoran el flujo de aire y la durabilidad en \u00e1reas de alto estr\u00e9s. Esta combinaci\u00f3n asegura golpes fuertes y controlados y una flexibilidad c\u00f3moda durante todo el juego.<\/p>\n<p class=\"translation-block\"><b>Ajuste y cierre \u2013 Estabilidad y comodidad personalizada<\/b><br>\nUna pulsera el\u00e1stica segura combinada con un cierre de correa de l\u00e1tex ofrece un soporte de bloqueo personalizado. El sistema de cierre mantiene los guantes de portero <strong>Black Widow Control<\/strong> estables durante las inmersiones y recuperaciones, al tiempo que ofrece una capacidad de ajuste para la comodidad individual.<\/p>\n<p class=\"translation-block\"><b>Dark Control Edition \u2013 Poder agresivo<\/b><br>\nLa versi\u00f3n Dark Control encarna el dominio y la intensidad. Su audaz dise\u00f1o negro simboliza la fuerza, el enfoque y la b\u00fasqueda implacable de la pelota. Perfecto para los guardientes que quieren que sus guantes reflejen su estilo de juego agresivo.<\/p>\n<p class=\"translation-block\"><b>White Control Edition \u2013 Clean Elegance<\/b><br>\nLa versi\u00f3n de control blanco ofrece un refinamiento minimalista con resultados letales. Su dise\u00f1o elegante y elegante proyecta una confianza tranquila mientras mantiene todo el agarre y el control por el que la l\u00ednea Black Widow es conocida.<\/p>\n<p class=\"translation-block\"><b>\u00bfQui\u00e9n debe usar guantes de control de viuda negra? <\/b><br>\nEstos guantes est\u00e1n dise\u00f1ados para porteros aficionados profesionales y avanzados. Ideal para partidos de alto riesgo, torneos de \u00e9lite y entrenamiento intenso, los guantes de portero <strong>Black Widow Control<\/strong> proporcionan precisi\u00f3n, agarre y durabilidad para aquellos que prosperan bajo presi\u00f3n.<\/p>\n<p class=\"translation-block\"><b>\u00bfPor qu\u00e9 elegir los guantes de portero de control de Black Widow? <\/b><br>\nPorque combinan el agarre de \u00e9lite, la construcci\u00f3n t\u00e9cnica y el estilo \u00fanico. Con la elecci\u00f3n del l\u00e1tex alem\u00e1n X-Basic o X-Plus, un corte negativo c\u00f3modo, zonas de malla transpirable y un sistema de cierre seguro, los guantes de portero <strong>Black Widow Control<\/strong> est\u00e1n dise\u00f1ados para los porteros que exigen m\u00e1s que el equipo promedio. Son herramientas para la dominaci\u00f3n, dise\u00f1adas para elevar tu juego.<\/p>\n<p><em>Agarre mortal. Control despiadado. Use Control De Black Widow.<\/em><\/p>\n<p>Vis\u00edtenos en:<\/p>\n<p><a href=\"https:\/\/www.youtube.com\/@nyk_brand\" target=\"_blank\" rel=\"noopener\">YouTube<\/a>\u00a0|\u00a0<a href=\"https:\/\/www.instagram.com\/nyk.sport\/\" target=\"_blank\" rel=\"noopener\">Instagram\u00a0<\/a>|\u00a0<a href=\"https:\/\/www.tiktok.com\/@nyk.guantes\" target=\"_blank\" rel=\"noopener\">TikTok\u00a0<\/a>|\u00a0<a href=\"https:\/\/www.facebook.com\/nykUSA\" target=\"_blank\" rel=\"noopener\">Facebook<\/a><\/p>","protected":false},"excerpt":{"rendered":"<p>\u2022 4mm \ud83c\udde9\ud83c\uddea German X-Basic or X-Plus latex for durable, all-weather grip<br \/>\n\u2022 Corte negativo para un ajuste preciso de la segunda piel<br \/>\n\u2022 Dorso de l\u00e1tex 3D reforzado para el control de perforaci\u00f3n<br \/>\n\u2022 Zonas de micromalla transpirables para el flujo de aire<br \/>\n\u2022 Mu\u00f1eca el\u00e1stica segura con correa de l\u00e1tex ajustable<\/p>","protected":false},"featured_media":18271,"comment_status":"open","ping_status":"closed","template":"","meta":{"_acf_changed":false,"site-sidebar-layout":"default","site-content-layout":"","ast-site-content-layout":"default","site-content-style":"default","site-sidebar-style":"default","ast-global-header-display":"","ast-banner-title-visibility":"","ast-main-header-display":"","ast-hfb-above-header-display":"","ast-hfb-below-header-display":"","ast-hfb-mobile-header-display":"","site-post-title":"","ast-breadcrumbs-content":"","ast-featured-img":"","footer-sml-layout":"","ast-disable-related-posts":"","theme-transparent-header-meta":"default","adv-header-id-meta":"","stick-header-meta":"","header-above-stick-meta":"","header-main-stick-meta":"","header-below-stick-meta":"","astra-migrate-meta-layouts":"set","ast-page-background-enabled":"default","ast-page-background-meta":{"desktop":{"background-color":"var(--ast-global-color-4)","background-image":"","background-repeat":"repeat","background-position":"center center","background-size":"auto","background-attachment":"scroll","background-type":"","background-media":"","overlay-type":"","overlay-color":"","overlay-opacity":"","overlay-gradient":""},"tablet":{"background-color":"","background-image":"","background-repeat":"repeat","background-position":"center center","background-size":"auto","background-attachment":"scroll","background-type":"","background-media":"","overlay-type":"","overlay-color":"","overlay-opacity":"","overlay-gradient":""},"mobile":{"background-color":"","background-image":"","background-repeat":"repeat","background-position":"center center","background-size":"auto","background-attachment":"scroll","background-type":"","background-media":"","overlay-type":"","overlay-color":"","overlay-opacity":"","overlay-gradient":""}},"ast-content-background-meta":{"desktop":{"background-color":"var(--ast-global-color-5)","background-image":"","background-repeat":"repeat","background-position":"center center","background-size":"auto","background-attachment":"scroll","background-type":"","background-media":"","overlay-type":"","overlay-color":"","overlay-opacity":"","overlay-gradient":""},"tablet":{"background-color":"var(--ast-global-color-5)","background-image":"","background-repeat":"repeat","background-position":"center center","background-size":"auto","background-attachment":"scroll","background-type":"","background-media":"","overlay-type":"","overlay-color":"","overlay-opacity":"","overlay-gradient":""},"mobile":{"background-color":"var(--ast-global-color-5)","background-image":"","background-repeat":"repeat","background-position":"center center","background-size":"auto","background-attachment":"scroll","background-type":"","background-media":"","overlay-type":"","overlay-color":"","overlay-opacity":"","overlay-gradient":""}}},"product_brand":[595],"product_cat":[444,425,344],"product_tag":[899,900,901,475,548,472,526,902,903,654,885,884],"woo-feed-brand":[],"class_list":{"0":"post-20870","1":"product","2":"type-product","3":"status-publish","4":"has-post-thumbnail","6":"product_brand-nyk","7":"product_cat-black-widow","8":"product_cat-negative-cut","9":"product_cat-professional-gloves","10":"product_tag-black-widow-control-goalkeeper-gloves","11":"product_tag-black-widow-dark-control","12":"product_tag-black-widow-white-control","13":"product_tag-breathable-goalkeeper-gloves","14":"product_tag-elite-goalie-gloves","15":"product_tag-german-latex-gloves","16":"product_tag-ivan-mauricio-arboleda-gloves","17":"product_tag-negative-cut-goalie-gloves","18":"product_tag-nyk-equipment","19":"product_tag-professional-goalkeeper-gloves","20":"product_tag-x-basic-goalkeeper-gloves","21":"product_tag-x-plus-goalkeeper-gloves","22":"pa_colors-black-white","23":"pa_colors-white","24":"pa_size-1031","25":"pa_size-1032","26":"pa_size-1033","27":"pa_size-1034","28":"desktop-align-center","29":"tablet-align-left","30":"mobile-align-left","32":"first","33":"instock","34":"taxable","35":"shipping-taxable","36":"purchasable","37":"product-type-variable","38":"wvs-archive-product-wrapper"},"acf":[],"jetpack-related-posts":[{"id":18280,"url":"https:\/\/ny-keepers.com\/es\/producto\/black-widow-junior\/","url_meta":{"origin":20870,"position":0},"title":"NYK Black Widow Junior","author":"admin","date":"mayo 6, 2025","format":false,"excerpt":"\u2022 3mm Quartz X-Grippy latex for synthetic turf grip \u2022 Negative cut for precise fit on smaller hands \u2022 3D latex backhand for punch protection \u2022 Breathable micro-mesh body keeps hands cool \u2022 Elastic wristband with secure latex closure","rel":"","context":"Entrada similar ","block_context":{"text":"Entrada similar ","link":""},"img":{"alt_text":"Black Widow Junior","src":"https:\/\/i0.wp.com\/ny-keepers.com\/wp-content\/uploads\/2025\/05\/IMG_6593.jpg?resize=350%2C200&ssl=1","width":350,"height":200,"srcset":"https:\/\/i0.wp.com\/ny-keepers.com\/wp-content\/uploads\/2025\/05\/IMG_6593.jpg?resize=350%2C200&ssl=1 1x, https:\/\/i0.wp.com\/ny-keepers.com\/wp-content\/uploads\/2025\/05\/IMG_6593.jpg?resize=525%2C300&ssl=1 1.5x, https:\/\/i0.wp.com\/ny-keepers.com\/wp-content\/uploads\/2025\/05\/IMG_6593.jpg?resize=700%2C400&ssl=1 2x, https:\/\/i0.wp.com\/ny-keepers.com\/wp-content\/uploads\/2025\/05\/IMG_6593.jpg?resize=1050%2C600&ssl=1 3x"},"classes":[]},{"id":20889,"url":"https:\/\/ny-keepers.com\/es\/producto\/nyk-compact-1-goalkeeper-gloves\/","url_meta":{"origin":20870,"position":1},"title":"NYK Compact1","author":"admin","date":"agosto 24, 2025","format":false,"excerpt":"\u2022 4mm German X-Basic or X-Plus latex for elite grip \u2022 Hybrid cut for precision and natural hand feel \u2022 Breathable micro-mesh body for all-day comfort \u2022 3.5mm reinforced 3D latex backhand for punch control \u2022 Internal silicone grip system for locked-in fit","rel":"","context":"Entrada similar ","block_context":{"text":"Entrada similar ","link":""},"img":{"alt_text":"Compact 1 goalkeeper gloves in Black\/Blue colorway front view","src":"https:\/\/i0.wp.com\/ny-keepers.com\/wp-content\/uploads\/2024\/10\/Black-Panter-PLUS.jpg?resize=350%2C200&ssl=1","width":350,"height":200,"srcset":"https:\/\/i0.wp.com\/ny-keepers.com\/wp-content\/uploads\/2024\/10\/Black-Panter-PLUS.jpg?resize=350%2C200&ssl=1 1x, https:\/\/i0.wp.com\/ny-keepers.com\/wp-content\/uploads\/2024\/10\/Black-Panter-PLUS.jpg?resize=525%2C300&ssl=1 1.5x, https:\/\/i0.wp.com\/ny-keepers.com\/wp-content\/uploads\/2024\/10\/Black-Panter-PLUS.jpg?resize=700%2C400&ssl=1 2x, https:\/\/i0.wp.com\/ny-keepers.com\/wp-content\/uploads\/2024\/10\/Black-Panter-PLUS.jpg?resize=1050%2C600&ssl=1 3x"},"classes":[]},{"id":21978,"url":"https:\/\/ny-keepers.com\/es\/producto\/nyk-new-compact-1-goalkeeper-gloves\/","url_meta":{"origin":20870,"position":2},"title":"NYK New Compact1 2.0","author":"admin","date":"octubre 20, 2025","format":false,"excerpt":"\u2022 4mm \ud83c\udde9\ud83c\uddea German X-Basic or X-Plus latex for durable, all-weather grip \u2022 Hybrid cut for precision and comfortable fit \u2022 Breathable micro-mesh for airflow and flexibility \u2022 3D latex backhand for confident punching \u2022 Silicone grip system for added control","rel":"","context":"Con 1 comentario","block_context":{"text":"Con 1 comentario","link":"https:\/\/ny-keepers.com\/es\/producto\/nyk-new-compact-1-goalkeeper-gloves\/#comments"},"img":{"alt_text":"Compact 1 Goalkeeper Gloves | X-Basic &amp; X-Plus | NYK","src":"https:\/\/i0.wp.com\/ny-keepers.com\/wp-content\/uploads\/2025\/10\/yellow-black.jpg?resize=350%2C200&ssl=1","width":350,"height":200,"srcset":"https:\/\/i0.wp.com\/ny-keepers.com\/wp-content\/uploads\/2025\/10\/yellow-black.jpg?resize=350%2C200&ssl=1 1x, https:\/\/i0.wp.com\/ny-keepers.com\/wp-content\/uploads\/2025\/10\/yellow-black.jpg?resize=525%2C300&ssl=1 1.5x, https:\/\/i0.wp.com\/ny-keepers.com\/wp-content\/uploads\/2025\/10\/yellow-black.jpg?resize=700%2C400&ssl=1 2x, https:\/\/i0.wp.com\/ny-keepers.com\/wp-content\/uploads\/2025\/10\/yellow-black.jpg?resize=1050%2C600&ssl=1 3x"},"classes":[]},{"id":20610,"url":"https:\/\/ny-keepers.com\/es\/producto\/nyk-skeltech-goalkeeper-gloves\/","url_meta":{"origin":20870,"position":3},"title":"NYK Skeltech","author":"admin","date":"agosto 20, 2025","format":false,"excerpt":"\u2022 4mm \ud83c\udde9\ud83c\uddea German X-Basic or X-Plus latex for durable, all-weather grip \u2022 Hybrid Gecko cut for second-skin finger control \u2022 Lightweight neoprene and mesh for breathable comfort \u2022 Skeletal backhand with reinforced punch zone \u2022 Elastic wrist strap with secure personalized fit","rel":"","context":"Entrada similar ","block_context":{"text":"Entrada similar ","link":""},"img":{"alt_text":"NYK Skeltech goalkeeper gloves front view with Hybrid Gecko Cut","src":"https:\/\/i0.wp.com\/ny-keepers.com\/wp-content\/uploads\/2025\/07\/completo-x-plus.jpg?resize=350%2C200&ssl=1","width":350,"height":200,"srcset":"https:\/\/i0.wp.com\/ny-keepers.com\/wp-content\/uploads\/2025\/07\/completo-x-plus.jpg?resize=350%2C200&ssl=1 1x, https:\/\/i0.wp.com\/ny-keepers.com\/wp-content\/uploads\/2025\/07\/completo-x-plus.jpg?resize=525%2C300&ssl=1 1.5x, https:\/\/i0.wp.com\/ny-keepers.com\/wp-content\/uploads\/2025\/07\/completo-x-plus.jpg?resize=700%2C400&ssl=1 2x, https:\/\/i0.wp.com\/ny-keepers.com\/wp-content\/uploads\/2025\/07\/completo-x-plus.jpg?resize=1050%2C600&ssl=1 3x, https:\/\/i0.wp.com\/ny-keepers.com\/wp-content\/uploads\/2025\/07\/completo-x-plus.jpg?resize=1400%2C800&ssl=1 4x"},"classes":[]},{"id":20795,"url":"https:\/\/ny-keepers.com\/es\/producto\/nyk-jogra3-goalkeeper-gloves\/","url_meta":{"origin":20870,"position":4},"title":"NYK Jogra3","author":"admin","date":"agosto 22, 2025","format":false,"excerpt":"\u2022 4mm \ud83c\udde9\ud83c\uddea German X-Basic or X-Plus latex for durable, all-weather grip \u2022 Ergonomic negative cut for precise, second-skin ball control \u2022 3.5mm reinforced 3D latex backhand for confident punches \u2022 Breathable micro-mesh body for airflow and match comfort \u2022 Secure elastic wrist strap with personalization area","rel":"","context":"Con 2 comentarios","block_context":{"text":"Con 2 comentarios","link":"https:\/\/ny-keepers.com\/es\/producto\/nyk-jogra3-goalkeeper-gloves\/#comments"},"img":{"alt_text":"Jogra3 goalkeeper gloves front view with German latex palm","src":"https:\/\/i0.wp.com\/ny-keepers.com\/wp-content\/uploads\/2025\/08\/green-XPLUS.jpg?resize=350%2C200&ssl=1","width":350,"height":200,"srcset":"https:\/\/i0.wp.com\/ny-keepers.com\/wp-content\/uploads\/2025\/08\/green-XPLUS.jpg?resize=350%2C200&ssl=1 1x, https:\/\/i0.wp.com\/ny-keepers.com\/wp-content\/uploads\/2025\/08\/green-XPLUS.jpg?resize=525%2C300&ssl=1 1.5x, https:\/\/i0.wp.com\/ny-keepers.com\/wp-content\/uploads\/2025\/08\/green-XPLUS.jpg?resize=700%2C400&ssl=1 2x, https:\/\/i0.wp.com\/ny-keepers.com\/wp-content\/uploads\/2025\/08\/green-XPLUS.jpg?resize=1050%2C600&ssl=1 3x"},"classes":[]},{"id":20693,"url":"https:\/\/ny-keepers.com\/es\/producto\/nyk-jogra2-goalkeeper-gloves\/","url_meta":{"origin":20870,"position":5},"title":"NYK JOGRA2","author":"admin","date":"agosto 21, 2025","format":false,"excerpt":"\u2022 4mm \ud83c\udde9\ud83c\uddea German X-Basic or X-Plus latex for durable, all-weather grip \u2022 NYK Giko Cut for precision ball control \u2022 Breathable Flexi-Mesh for airflow and comfort \u2022 3D silicone backhand with rubber punch zone \u2022 Adaptive Flex wrist strap with personalization area","rel":"","context":"Con 2 comentarios","block_context":{"text":"Con 2 comentarios","link":"https:\/\/ny-keepers.com\/es\/producto\/nyk-jogra2-goalkeeper-gloves\/#comments"},"img":{"alt_text":"NYK JOGRA2 Goalkeeper Gloves White Mark","src":"https:\/\/i0.wp.com\/ny-keepers.com\/wp-content\/uploads\/2025\/06\/White-Gold.jpg?resize=350%2C200&ssl=1","width":350,"height":200,"srcset":"https:\/\/i0.wp.com\/ny-keepers.com\/wp-content\/uploads\/2025\/06\/White-Gold.jpg?resize=350%2C200&ssl=1 1x, https:\/\/i0.wp.com\/ny-keepers.com\/wp-content\/uploads\/2025\/06\/White-Gold.jpg?resize=525%2C300&ssl=1 1.5x, https:\/\/i0.wp.com\/ny-keepers.com\/wp-content\/uploads\/2025\/06\/White-Gold.jpg?resize=700%2C400&ssl=1 2x, https:\/\/i0.wp.com\/ny-keepers.com\/wp-content\/uploads\/2025\/06\/White-Gold.jpg?resize=1050%2C600&ssl=1 3x"},"classes":[]}],"_links":{"self":[{"href":"https:\/\/ny-keepers.com\/es\/wp-json\/wp\/v2\/product\/20870","targetHints":{"allow":["GET"]}}],"collection":[{"href":"https:\/\/ny-keepers.com\/es\/wp-json\/wp\/v2\/product"}],"about":[{"href":"https:\/\/ny-keepers.com\/es\/wp-json\/wp\/v2\/types\/product"}],"replies":[{"embeddable":true,"href":"https:\/\/ny-keepers.com\/es\/wp-json\/wp\/v2\/comments?post=20870"}],"version-history":[{"count":14,"href":"https:\/\/ny-keepers.com\/es\/wp-json\/wp\/v2\/product\/20870\/revisions"}],"predecessor-version":[{"id":24278,"href":"https:\/\/ny-keepers.com\/es\/wp-json\/wp\/v2\/product\/20870\/revisions\/24278"}],"wp:featuredmedia":[{"embeddable":true,"href":"https:\/\/ny-keepers.com\/es\/wp-json\/wp\/v2\/media\/18271"}],"wp:attachment":[{"href":"https:\/\/ny-keepers.com\/es\/wp-json\/wp\/v2\/media?parent=20870"}],"wp:term":[{"taxonomy":"product_brand","embeddable":true,"href":"https:\/\/ny-keepers.com\/es\/wp-json\/wp\/v2\/product_brand?post=20870"},{"taxonomy":"product_cat","embeddable":true,"href":"https:\/\/ny-keepers.com\/es\/wp-json\/wp\/v2\/product_cat?post=20870"},{"taxonomy":"product_tag","embeddable":true,"href":"https:\/\/ny-keepers.com\/es\/wp-json\/wp\/v2\/product_tag?post=20870"},{"taxonomy":"woo-feed-brand","embeddable":true,"href":"https:\/\/ny-keepers.com\/es\/wp-json\/wp\/v2\/woo-feed-brand?post=20870"}],"curies":[{"name":"wp","href":"https:\/\/api.w.org\/{rel}","templated":true}]}}