{"id":18241,"date":"2025-05-04T11:33:52","date_gmt":"2025-05-04T15:33:52","guid":{"rendered":"https:\/\/rbg4dkfe3w.onrocket.site\/?post_type=product&#038;p=18241"},"modified":"2026-04-15T18:24:37","modified_gmt":"2026-04-15T22:24:37","slug":"nyk-reflex-ball-2","status":"publish","type":"product","link":"https:\/\/ny-keepers.com\/es\/producto\/nyk-reflex-ball-2\/","title":{"rendered":"Bal\u00f3n de Reflejos NYK"},"content":{"rendered":"<div class=\"product-description\">\n<p><strong>NYK Reflex Ball \u2013 Lleva tus reflejos al siguiente nivel<\/strong><\/p>\n<p class=\"translation-block\">Reacciona m\u00e1s r\u00e1pido. Mu\u00e9vete m\u00e1s afilado. Entrena con el caos. El <strong>NYK Reflex Ball<\/strong> no es solo otra pieza de equipo de entrenamiento, es una revolucionaria herramienta de entrenamiento reflejo dise\u00f1ada para empujar a los porteros m\u00e1s all\u00e1 de sus l\u00edmites. Con su forma triangular \u00fanica y su construcci\u00f3n de caucho premium, la Reflex Ball crea rebotes impredecibles que replican las decisiones de una fracci\u00f3n de segundo exigidas en partidos reales. Si usted es un aspirante a portero o un profesional que presiona por la nitidez de \u00e9lite, esta pelota de entrenamiento es la mejora que sus ejercicios han estado esperando.<\/p>\n<h2>\u26bd Por qu\u00e9 todo portero necesita la bola de reflejo de NYK<\/h2>\n<p>El f\u00fatbol moderno es m\u00e1s r\u00e1pido, m\u00e1s agudo y m\u00e1s intenso que nunca. Una sola duda puede decidir el resultado de un partido. La bola de reflejo de NYK elimina la previsibilidad, lo que lo obliga a permanecer encerrado en cada rebote. A diferencia de los balones de f\u00fatbol regulares o los taladros planos, esta bola triangular asegura que no haya dos rebotes iguales, creando un ambiente de entrenamiento ca\u00f3tico pero controlado. Este caos construye nitidez mental y preparaci\u00f3n f\u00edsica, desarrollando un portero que reacciona m\u00e1s r\u00e1pido que el juego en s\u00ed.<\/p>\n<h2>Caracter\u00edsticas clave<\/h2>\n<ul>\n<li class=\"translation-block\"><strong>Impredecible Bounces:<\/strong> Gracias a su dise\u00f1o triangular, la Reflex Ball se mueve de manera inesperada. Esta imprevisibilidad mantiene tus reflejos agudos e imita escenarios reales en el juego.<\/li>\n<li class=\"translation-block\"><strong> Material duradero:<\/strong> Hecho de caucho de alta calidad, la pelota puede soportar c\u00e9sped, c\u00e9sped natural, concreto e incluso superficies de entrenamiento en interiores sin perder su rebote o estructura.<\/li>\n<li class=\"translation-block\"><strong>Mejora la reacci\u00f3n y la agilidad: El entrenamiento regular mejora los reflejos, la agilidad y la coordinaci\u00f3n mano-ojo. Su cerebro aprende a anticiparse y responder m\u00e1s r\u00e1pido: habilidades cruciales para cualquier portero.<\/li>\n<li class=\"translation-block\"><strong>Portable &amp; Versatile:<\/strong> Tama\u00f1o compacto significa que puede llevarlo a cualquier lugar. Desde el calentamiento en la jornada de partido hasta la pr\u00e1ctica en casa, la Reflex Ball se adapta a su entorno.<\/li>\n<\/ul>\n<h2>Beneficios del entrenamiento con el Reflex Ball<\/h2>\n<p class=\"translation-block\">Agregar la <em>NYK Reflex Ball<\/em> a tus sesiones de entrenamiento diarias transforma los ejercicios simples en desaf\u00edos basados en reacciones. Se dar\u00e1 cuenta r\u00e1pidamente de las mejoras en:<\/p>\n<ul>\n<li class=\"translation-block\"><strong>Tiempo de reacci\u00f3n:<\/strong> Responder m\u00e1s r\u00e1pido a los disparos y desviaciones.<\/li>\n<li class=\"translation-block\"><strong>Coordinaci\u00f3n:<\/strong> Afila la coordinaci\u00f3n mano-ojo y pie-ojo con movimientos impredecibles.<\/li>\n<li class=\"translation-block\"><strong>Agility:<\/strong> Mu\u00e9vete din\u00e1micamente en espacios reducidos con mayor velocidad y equilibrio.<\/li>\n<li class=\"translation-block\"><strong>Focus &amp; Concentration:<\/strong> Entrena tu cerebro para mantenerte alerta y comprometido durante per\u00edodos m\u00e1s largos.<\/li>\n<\/ul>\n<h2>C\u00f3mo usar la bola de reflejo de NYK<\/h2>\n<p>La versatilidad de esta herramienta la hace ideal para el entrenamiento en solitario o sesiones grupales:<\/p>\n<ul>\n<li class=\"translation-block\"><strong>Solo Training:<\/strong> Rebota contra una pared y reacciona al rebote.<\/li>\n<li class=\"translation-block\"><strong>Alfabecitaciones de pareja:<\/strong> Haz que un compa\u00f1ero de equipo lo lance a diferentes velocidades y \u00e1ngulos para mantenerte adivinando.<\/li>\n<li class=\"translation-block\"><strong>Warm-Ups:<\/strong> A\u00f1ade ejercicios de Reflex Ball antes de entrenar o emparejar para activar tus reflejos antes de subir al campo.<\/li>\n<\/ul>\n<h2>Variaciones Disponibles<\/h2>\n<p class=\"translation-block\">El <strong>NYK Reflex Ball<\/strong> est\u00e1 disponible en <strong>dos opciones de color llamativas<\/strong> para adaptarse a tu estilo de entrenamiento. Elija la versi\u00f3n que mejor se adapte a su equipo, o recoja ambos para obtener variedad adicional.<\/p>\n<p class=\"translation-block\">\u00bfQuieres completar tu configuraci\u00f3n de entrenamiento de portero? Combina el Reflex Ball con nuestro <a title=\"GripGuard SUPER-EXTREME Latex Spray\" href=\"https:\/\/ny-keepers.com\/es\/producto\/nyk-gripguard-super-extreme\/\" target=\"_self\">GripGuard SUPER-EXTREME Spray<\/a> para mantener tus guantes listos para cada sesi\u00f3n.<\/p>\n<h2>Con la confianza de los embajadores<\/h2>\n<p class=\"translation-block\">El <strong>NYK Reflex Ball<\/strong> es probado y en el que conf\u00edan los embajadores de NYK que lo utilizan para agudizar su velocidad de reacci\u00f3n antes de los partidos. Ya sea que est\u00e9 entrenando a nivel de base o profesional, esta pelota asegura que siempre est\u00e9 un paso por delante del juego.<\/p>\n<h2>Lleve sus reflejos al siguiente nivel<\/h2>\n<p class=\"translation-block\">El mantenimiento de los goles es m\u00e1s que solo salva, se trata de anticipaci\u00f3n, control y velocidad. El <em>NYK Reflex Ball<\/em> proporciona un entrenamiento impredecible y de alta intensidad para replicar el caos de un juego real. Agr\u00e9guelo a su bolsa de kit hoy y comience a reaccionar m\u00e1s r\u00e1pido que nunca.<\/p>\n<\/div>\n<p class=\"translation-block\">Conoce a nuestro <a href=\"https:\/\/ny-keepers.com\/es\/gk\/\" target=\"_blank\" rel=\"noopener\">ambassadors<\/a> que entrenan con Reflex Ball.<\/p>\n<p>Vis\u00edtenos en:<\/p>\n<p><a href=\"https:\/\/www.youtube.com\/@nyk_brand\" target=\"_blank\" rel=\"noopener\">YouTube<\/a>\u00a0|\u00a0<a href=\"https:\/\/www.instagram.com\/nyk.sport\/\" target=\"_blank\" rel=\"noopener\">Instagram\u00a0<\/a>|\u00a0<a href=\"https:\/\/www.tiktok.com\/@nyk.guantes\" target=\"_blank\" rel=\"noopener\">TikTok\u00a0<\/a>|\u00a0<a href=\"https:\/\/www.facebook.com\/nykUSA\" target=\"_blank\" rel=\"noopener\">Facebook<\/a><\/p>","protected":false},"excerpt":{"rendered":"<p class=\"p1\">\u2022 Triangular design creates unpredictable reaction training<br \/>\n\u2022 Improves reflexes, agility, and hand-eye coordination<br \/>\n\u2022 Durable rubber build for any training surface<br \/>\n\u2022 Ideal for solo, partner, and warm-up drills<br \/>\n\u2022 Compact size for training anywhere, anytime<\/p>","protected":false},"featured_media":18245,"comment_status":"open","ping_status":"closed","template":"","meta":{"_acf_changed":false,"site-sidebar-layout":"default","site-content-layout":"","ast-site-content-layout":"default","site-content-style":"default","site-sidebar-style":"default","ast-global-header-display":"","ast-banner-title-visibility":"","ast-main-header-display":"","ast-hfb-above-header-display":"","ast-hfb-below-header-display":"","ast-hfb-mobile-header-display":"","site-post-title":"","ast-breadcrumbs-content":"","ast-featured-img":"","footer-sml-layout":"","ast-disable-related-posts":"","theme-transparent-header-meta":"default","adv-header-id-meta":"","stick-header-meta":"","header-above-stick-meta":"","header-main-stick-meta":"","header-below-stick-meta":"","astra-migrate-meta-layouts":"set","ast-page-background-enabled":"default","ast-page-background-meta":{"desktop":{"background-color":"var(--ast-global-color-4)","background-image":"","background-repeat":"repeat","background-position":"center center","background-size":"auto","background-attachment":"scroll","background-type":"","background-media":"","overlay-type":"","overlay-color":"","overlay-opacity":"","overlay-gradient":""},"tablet":{"background-color":"","background-image":"","background-repeat":"repeat","background-position":"center center","background-size":"auto","background-attachment":"scroll","background-type":"","background-media":"","overlay-type":"","overlay-color":"","overlay-opacity":"","overlay-gradient":""},"mobile":{"background-color":"","background-image":"","background-repeat":"repeat","background-position":"center center","background-size":"auto","background-attachment":"scroll","background-type":"","background-media":"","overlay-type":"","overlay-color":"","overlay-opacity":"","overlay-gradient":""}},"ast-content-background-meta":{"desktop":{"background-color":"var(--ast-global-color-5)","background-image":"","background-repeat":"repeat","background-position":"center center","background-size":"auto","background-attachment":"scroll","background-type":"","background-media":"","overlay-type":"","overlay-color":"","overlay-opacity":"","overlay-gradient":""},"tablet":{"background-color":"var(--ast-global-color-5)","background-image":"","background-repeat":"repeat","background-position":"center center","background-size":"auto","background-attachment":"scroll","background-type":"","background-media":"","overlay-type":"","overlay-color":"","overlay-opacity":"","overlay-gradient":""},"mobile":{"background-color":"var(--ast-global-color-5)","background-image":"","background-repeat":"repeat","background-position":"center center","background-size":"auto","background-attachment":"scroll","background-type":"","background-media":"","overlay-type":"","overlay-color":"","overlay-opacity":"","overlay-gradient":""}}},"product_brand":[595],"product_cat":[252,436],"product_tag":[542,546,573,539,543,571,540,544,572,541,547,545],"woo-feed-brand":[],"class_list":{"0":"post-18241","1":"product","2":"type-product","3":"status-publish","4":"has-post-thumbnail","6":"product_brand-nyk","7":"product_cat-accessories","8":"product_cat-reflex-ball","9":"product_tag-goalkeeper-agility-drill","10":"product_tag-goalkeeper-coordination-tool","11":"product_tag-goalkeeper-reflex-training","12":"product_tag-goalkeeper-training-accessory","13":"product_tag-improve-goalkeeper-reflexes","14":"product_tag-nyk-reflex-ball","15":"product_tag-reaction-ball","16":"product_tag-reaction-training-ball","17":"product_tag-reflex-training-ball","18":"product_tag-reflex-training-tool","19":"product_tag-soccer-training-equipment","20":"product_tag-unpredictable-bounce-ball","21":"pa_colors-black-fuchsia","22":"pa_colors-black-yellow","23":"desktop-align-center","24":"tablet-align-left","25":"mobile-align-left","27":"first","28":"instock","29":"taxable","30":"shipping-taxable","31":"purchasable","32":"product-type-variable","33":"wvs-archive-product-wrapper"},"acf":[],"jetpack-related-posts":[{"id":21003,"url":"https:\/\/ny-keepers.com\/es\/producto\/nyk-reflex-x-grippy-kids-goalkeeper-gloves\/","url_meta":{"origin":18241,"position":0},"title":"NYK Reflex Junior","author":"admin","date":"agosto 25, 2025","format":false,"excerpt":"\u2022 3 mm X-Grippy latex for reliable turf grip \u2022 Removable finger protection spines for added safety \u2022 Negative cut for a snug, confident fit \u2022 Breathable micro-mesh for comfort during play \u2022 3D latex backhand for protection and control","rel":"","context":"Con 1 comentario","block_context":{"text":"Con 1 comentario","link":"https:\/\/ny-keepers.com\/es\/producto\/nyk-reflex-x-grippy-kids-goalkeeper-gloves\/#comments"},"img":{"alt_text":"Reflex X-Grippy kids goalkeeper gloves Blue Sky edition front view","src":"https:\/\/i0.wp.com\/ny-keepers.com\/wp-content\/uploads\/2025\/08\/BLUE.jpg?resize=350%2C200&ssl=1","width":350,"height":200,"srcset":"https:\/\/i0.wp.com\/ny-keepers.com\/wp-content\/uploads\/2025\/08\/BLUE.jpg?resize=350%2C200&ssl=1 1x, https:\/\/i0.wp.com\/ny-keepers.com\/wp-content\/uploads\/2025\/08\/BLUE.jpg?resize=525%2C300&ssl=1 1.5x, https:\/\/i0.wp.com\/ny-keepers.com\/wp-content\/uploads\/2025\/08\/BLUE.jpg?resize=700%2C400&ssl=1 2x"},"classes":[]},{"id":17987,"url":"https:\/\/ny-keepers.com\/es\/producto\/nyk-pulse-soccer-ball\/","url_meta":{"origin":18241,"position":1},"title":"NYK Pulse Bola de f\u00fatbol","author":"admin","date":"abril 14, 2025","format":false,"excerpt":"\u2022 Hybrid 32-panel construction for consistent flight \u2022 Textured microfiber surface for precise touch \u2022 All-weather control with durable synthetic cover \u2022 Butyl bladder for long-lasting air retention \u2022 Match and training ready in sizes 4 and 5","rel":"","context":"Entrada similar ","block_context":{"text":"Entrada similar ","link":""},"img":{"alt_text":"","src":"https:\/\/i0.wp.com\/ny-keepers.com\/wp-content\/uploads\/2025\/04\/Pulse.jpg?resize=350%2C200&ssl=1","width":350,"height":200,"srcset":"https:\/\/i0.wp.com\/ny-keepers.com\/wp-content\/uploads\/2025\/04\/Pulse.jpg?resize=350%2C200&ssl=1 1x, https:\/\/i0.wp.com\/ny-keepers.com\/wp-content\/uploads\/2025\/04\/Pulse.jpg?resize=525%2C300&ssl=1 1.5x, https:\/\/i0.wp.com\/ny-keepers.com\/wp-content\/uploads\/2025\/04\/Pulse.jpg?resize=700%2C400&ssl=1 2x"},"classes":[]},{"id":20795,"url":"https:\/\/ny-keepers.com\/es\/producto\/nyk-jogra3-goalkeeper-gloves\/","url_meta":{"origin":18241,"position":2},"title":"NYK Jogra3","author":"admin","date":"agosto 22, 2025","format":false,"excerpt":"\u2022 4mm \ud83c\udde9\ud83c\uddea German X-Basic or X-Plus latex for durable, all-weather grip \u2022 Ergonomic negative cut for precise, second-skin ball control \u2022 3.5mm reinforced 3D latex backhand for confident punches \u2022 Breathable micro-mesh body for airflow and match comfort \u2022 Secure elastic wrist strap with personalization area","rel":"","context":"Con 2 comentarios","block_context":{"text":"Con 2 comentarios","link":"https:\/\/ny-keepers.com\/es\/producto\/nyk-jogra3-goalkeeper-gloves\/#comments"},"img":{"alt_text":"Jogra3 goalkeeper gloves front view with German latex palm","src":"https:\/\/i0.wp.com\/ny-keepers.com\/wp-content\/uploads\/2025\/08\/green-XPLUS.jpg?resize=350%2C200&ssl=1","width":350,"height":200,"srcset":"https:\/\/i0.wp.com\/ny-keepers.com\/wp-content\/uploads\/2025\/08\/green-XPLUS.jpg?resize=350%2C200&ssl=1 1x, https:\/\/i0.wp.com\/ny-keepers.com\/wp-content\/uploads\/2025\/08\/green-XPLUS.jpg?resize=525%2C300&ssl=1 1.5x, https:\/\/i0.wp.com\/ny-keepers.com\/wp-content\/uploads\/2025\/08\/green-XPLUS.jpg?resize=700%2C400&ssl=1 2x, https:\/\/i0.wp.com\/ny-keepers.com\/wp-content\/uploads\/2025\/08\/green-XPLUS.jpg?resize=1050%2C600&ssl=1 3x"},"classes":[]},{"id":20610,"url":"https:\/\/ny-keepers.com\/es\/producto\/nyk-skeltech-goalkeeper-gloves\/","url_meta":{"origin":18241,"position":3},"title":"NYK Skeltech","author":"admin","date":"agosto 20, 2025","format":false,"excerpt":"\u2022 4mm \ud83c\udde9\ud83c\uddea German X-Basic or X-Plus latex for durable, all-weather grip \u2022 Hybrid Gecko cut for second-skin finger control \u2022 Lightweight neoprene and mesh for breathable comfort \u2022 Skeletal backhand with reinforced punch zone \u2022 Elastic wrist strap with secure personalized fit","rel":"","context":"Entrada similar ","block_context":{"text":"Entrada similar ","link":""},"img":{"alt_text":"NYK Skeltech goalkeeper gloves front view with Hybrid Gecko Cut","src":"https:\/\/i0.wp.com\/ny-keepers.com\/wp-content\/uploads\/2025\/07\/completo-x-plus.jpg?resize=350%2C200&ssl=1","width":350,"height":200,"srcset":"https:\/\/i0.wp.com\/ny-keepers.com\/wp-content\/uploads\/2025\/07\/completo-x-plus.jpg?resize=350%2C200&ssl=1 1x, https:\/\/i0.wp.com\/ny-keepers.com\/wp-content\/uploads\/2025\/07\/completo-x-plus.jpg?resize=525%2C300&ssl=1 1.5x, https:\/\/i0.wp.com\/ny-keepers.com\/wp-content\/uploads\/2025\/07\/completo-x-plus.jpg?resize=700%2C400&ssl=1 2x, https:\/\/i0.wp.com\/ny-keepers.com\/wp-content\/uploads\/2025\/07\/completo-x-plus.jpg?resize=1050%2C600&ssl=1 3x, https:\/\/i0.wp.com\/ny-keepers.com\/wp-content\/uploads\/2025\/07\/completo-x-plus.jpg?resize=1400%2C800&ssl=1 4x"},"classes":[]},{"id":13449,"url":"https:\/\/ny-keepers.com\/es\/producto\/gripguard-super-extreme-nyk\/","url_meta":{"origin":18241,"position":4},"title":"GripGuard Super-Extremo NYK","author":"admin","date":"octubre 23, 2024","format":false,"excerpt":"\u2022 Instantly boosts glove grip in all conditions \u2022 Reactivates worn latex for match-ready performance \u2022 Extends glove lifespan and prevents latex dryness \u2022 Effective in rain, humidity, and synthetic turf \u2022 Compatible with all goalkeeper latex types","rel":"","context":"Con 3 comentarios","block_context":{"text":"Con 3 comentarios","link":"https:\/\/ny-keepers.com\/es\/producto\/gripguard-super-extreme-nyk\/#comments"},"img":{"alt_text":"GripGuard SUPER-EXTREME grip spray bottle for goalkeeper gloves with advanced latex activation","src":"https:\/\/i0.wp.com\/ny-keepers.com\/wp-content\/uploads\/2024\/10\/PHOTO-2024-10-15-05-16-51-4-e1730775083688.jpg?resize=350%2C200&ssl=1","width":350,"height":200,"srcset":"https:\/\/i0.wp.com\/ny-keepers.com\/wp-content\/uploads\/2024\/10\/PHOTO-2024-10-15-05-16-51-4-e1730775083688.jpg?resize=350%2C200&ssl=1 1x, https:\/\/i0.wp.com\/ny-keepers.com\/wp-content\/uploads\/2024\/10\/PHOTO-2024-10-15-05-16-51-4-e1730775083688.jpg?resize=525%2C300&ssl=1 1.5x, https:\/\/i0.wp.com\/ny-keepers.com\/wp-content\/uploads\/2024\/10\/PHOTO-2024-10-15-05-16-51-4-e1730775083688.jpg?resize=700%2C400&ssl=1 2x"},"classes":[]},{"id":20870,"url":"https:\/\/ny-keepers.com\/es\/producto\/nyk-black-widow-control-goalkeeper-gloves\/","url_meta":{"origin":18241,"position":5},"title":"NYK Black Widow","author":"admin","date":"agosto 24, 2025","format":false,"excerpt":"\u2022 4mm \ud83c\udde9\ud83c\uddea German X-Basic or X-Plus latex for durable, all-weather grip \u2022 Negative cut for precise, second-skin fit \u2022 Reinforced 3D latex backhand for punch control \u2022 Breathable micro-mesh zones for airflow \u2022 Secure elastic wrist with adjustable latex strap","rel":"","context":"Con 1 comentario","block_context":{"text":"Con 1 comentario","link":"https:\/\/ny-keepers.com\/es\/producto\/nyk-black-widow-control-goalkeeper-gloves\/#comments"},"img":{"alt_text":"Black Widow Control goalkeeper gloves Dark edition front view","src":"https:\/\/i0.wp.com\/ny-keepers.com\/wp-content\/uploads\/2025\/05\/BW-NIGTH.jpg?resize=350%2C200&ssl=1","width":350,"height":200,"srcset":"https:\/\/i0.wp.com\/ny-keepers.com\/wp-content\/uploads\/2025\/05\/BW-NIGTH.jpg?resize=350%2C200&ssl=1 1x, https:\/\/i0.wp.com\/ny-keepers.com\/wp-content\/uploads\/2025\/05\/BW-NIGTH.jpg?resize=525%2C300&ssl=1 1.5x, https:\/\/i0.wp.com\/ny-keepers.com\/wp-content\/uploads\/2025\/05\/BW-NIGTH.jpg?resize=700%2C400&ssl=1 2x, https:\/\/i0.wp.com\/ny-keepers.com\/wp-content\/uploads\/2025\/05\/BW-NIGTH.jpg?resize=1050%2C600&ssl=1 3x"},"classes":[]}],"_links":{"self":[{"href":"https:\/\/ny-keepers.com\/es\/wp-json\/wp\/v2\/product\/18241","targetHints":{"allow":["GET"]}}],"collection":[{"href":"https:\/\/ny-keepers.com\/es\/wp-json\/wp\/v2\/product"}],"about":[{"href":"https:\/\/ny-keepers.com\/es\/wp-json\/wp\/v2\/types\/product"}],"replies":[{"embeddable":true,"href":"https:\/\/ny-keepers.com\/es\/wp-json\/wp\/v2\/comments?post=18241"}],"version-history":[{"count":8,"href":"https:\/\/ny-keepers.com\/es\/wp-json\/wp\/v2\/product\/18241\/revisions"}],"predecessor-version":[{"id":23719,"href":"https:\/\/ny-keepers.com\/es\/wp-json\/wp\/v2\/product\/18241\/revisions\/23719"}],"wp:featuredmedia":[{"embeddable":true,"href":"https:\/\/ny-keepers.com\/es\/wp-json\/wp\/v2\/media\/18245"}],"wp:attachment":[{"href":"https:\/\/ny-keepers.com\/es\/wp-json\/wp\/v2\/media?parent=18241"}],"wp:term":[{"taxonomy":"product_brand","embeddable":true,"href":"https:\/\/ny-keepers.com\/es\/wp-json\/wp\/v2\/product_brand?post=18241"},{"taxonomy":"product_cat","embeddable":true,"href":"https:\/\/ny-keepers.com\/es\/wp-json\/wp\/v2\/product_cat?post=18241"},{"taxonomy":"product_tag","embeddable":true,"href":"https:\/\/ny-keepers.com\/es\/wp-json\/wp\/v2\/product_tag?post=18241"},{"taxonomy":"woo-feed-brand","embeddable":true,"href":"https:\/\/ny-keepers.com\/es\/wp-json\/wp\/v2\/woo-feed-brand?post=18241"}],"curies":[{"name":"wp","href":"https:\/\/api.w.org\/{rel}","templated":true}]}}