{"id":9,"date":"2022-11-27T23:58:02","date_gmt":"2022-11-28T04:58:02","guid":{"rendered":"https:\/\/rbg4dkfe3w.onrocket.site\/?page_id=9"},"modified":"2025-08-28T00:40:37","modified_gmt":"2025-08-28T04:40:37","slug":"refund_returns","status":"publish","type":"page","link":"https:\/\/ny-keepers.com\/es\/refund_returns\/","title":{"rendered":"Politica de Devoluciones y Retornos"},"content":{"rendered":"<div data-elementor-type=\"wp-page\" data-elementor-id=\"9\" class=\"elementor elementor-9\" data-elementor-post-type=\"page\">\n\t\t\t\t<div class=\"elementor-element elementor-element-cae6c10 e-flex e-con-boxed e-con e-parent\" data-id=\"cae6c10\" data-element_type=\"container\" data-e-type=\"container\">\n\t\t\t\t\t<div class=\"e-con-inner\">\n\t\t\t\t<div class=\"elementor-element elementor-element-64e7871 elementor-widget elementor-widget-text-editor\" data-id=\"64e7871\" data-element_type=\"widget\" data-e-type=\"widget\" data-widget_type=\"text-editor.default\">\n\t\t\t\t<div class=\"elementor-widget-container\">\n\t\t\t\t\t\t\t\t\t<p>Politica de Devoluciones y Retornos<\/p><p><strong>En NY-KEEPERS, nuestra prioridad es asegurarnos de que est\u00e9 100% satisfecho con su compra. A continuaci\u00f3n, encontrar\u00e1 nuestra pol\u00edtica de reembolsos, cambios, devoluciones y garant\u00edas para que su experiencia de compra sea la mejor posible.<\/strong><\/p><p><em><strong>1. Devoluciones<\/strong><\/em><\/p><p class=\"translation-block\">\u2022 Per\u00edodo de devoluci\u00f3n: Puede devolver productos no utilizados dentro de <strong>30 d\u00edas<\/strong> de recibirlos.<br>\u2022 Condiciones de devoluci\u00f3n: Los art\u00edculos deben estar en su embalaje original y no mostrar signos de desgaste. Los productos personalizados (como guantes con nombres o n\u00fameros) no son elegibles para la devoluci\u00f3n.<br>\u2022 Proceso de devoluci\u00f3n: Para iniciar una devoluci\u00f3n, env\u00edenos un correo electr\u00f3nico a <a href=\"mailto:info@ny-keepers.com\" target=\"_self\">info@ny-keepers.com<\/a> con su n\u00famero de pedido y detalles de devoluci\u00f3n.<\/p><p><em><strong>2. Reembolsos<\/strong><\/em><\/p><p class=\"translation-block\">\u2022 Procesamiento de reembolso: Una vez que recibamos y verifiquemos la condici\u00f3n de su devoluci\u00f3n, procesaremos su reembolso dentro de <strong> 7-10 business<\/strong> d\u00edas. Los reembolsos se emitir\u00e1n al m\u00e9todo de pago original.<br>\u2022 Gastos de env\u00edo: Los gastos de env\u00edo no son reembolsables a menos que el producto tenga un defecto de fabricaci\u00f3n.<\/p><p><em><strong>3. Intercambios<\/strong><\/em><\/p><p class=\"translation-block\">\u2022 Disponibilidad del producto: Puede solicitar un cambio de tama\u00f1o o modelo dentro de los 30 d\u00edas posteriores a la recepci\u00f3n del producto.<br>\u2022 Condiciones de cambio: Los art\u00edculos deben estar en perfecto estado. El env\u00edo del nuevo art\u00edculo est\u00e1 sujeto a disponibilidad de existencias.<br>\u2022 Proceso de cambio: Para solicitar un intercambio, p\u00f3ngase en contacto con nosotros en <a href=\"mailto:info@ny-keepers.com\" target=\"_self\">info@ny-keepers.com<\/a> y proporcione el motivo y los detalles del intercambio.<\/p><p><em><strong>4. Garant\u00edas<\/strong><\/em><\/p><p class=\"translation-block\">\u2022 Garant\u00eda para defectos de fabricaci\u00f3n: Nuestros productos est\u00e1n cubiertos por 30 d\u00edas a partir de la fecha de compra contra defectos de fabricaci\u00f3n.<br>\u2022 Desgaste de l\u00e1tex: Tenga en cuenta que el da\u00f1o de l\u00e1tex debido a un uso regular no est\u00e1 cubierto por la garant\u00eda, ya que el desgaste por l\u00e1tex es una parte natural del uso del guante.<br>\u2022 Proceso de reclamaci\u00f3n de garant\u00eda: Le ayudaremos con la garant\u00eda o el reemplazo sin costo adicional.<\/p><p>Si tiene alguna pregunta adicional con respecto a nuestra pol\u00edtica de devoluci\u00f3n y garant\u00eda, no dude en ponerse en contacto con nosotros. \u00a1Estamos aqu\u00ed para ayudar!<\/p>\t\t\t\t\t\t\t\t<\/div>\n\t\t\t\t<\/div>\n\t\t\t\t\t<\/div>\n\t\t\t\t<\/div>\n\t\t\t\t<\/div>","protected":false},"excerpt":{"rendered":"<p>NY-KEEPERS Returns and Refund Policy At NY-KEEPERS, our priority is to ensure you\u2019re 100% satisfied with your purchase. Below, you\u2019ll find our policy on refunds, exchanges, returns, and warranties to make your shopping experience the best it can be. 1. Returns \u2022 Return Period: You may return unused products within 30 days of receiving them.\u2022 [&hellip;]<\/p>\n","protected":false},"author":1,"featured_media":0,"parent":0,"menu_order":0,"comment_status":"closed","ping_status":"closed","template":"","meta":{"_acf_changed":false,"site-sidebar-layout":"default","site-content-layout":"","ast-site-content-layout":"default","site-content-style":"default","site-sidebar-style":"default","ast-global-header-display":"","ast-banner-title-visibility":"","ast-main-header-display":"","ast-hfb-above-header-display":"","ast-hfb-below-header-display":"","ast-hfb-mobile-header-display":"","site-post-title":"disabled","ast-breadcrumbs-content":"","ast-featured-img":"","footer-sml-layout":"","ast-disable-related-posts":"","theme-transparent-header-meta":"","adv-header-id-meta":"","stick-header-meta":"","header-above-stick-meta":"","header-main-stick-meta":"","header-below-stick-meta":"","astra-migrate-meta-layouts":"set","ast-page-background-enabled":"default","ast-page-background-meta":{"desktop":{"background-color":"var(--ast-global-color-4)","background-image":"","background-repeat":"repeat","background-position":"center center","background-size":"auto","background-attachment":"scroll","background-type":"","background-media":"","overlay-type":"","overlay-color":"","overlay-opacity":"","overlay-gradient":""},"tablet":{"background-color":"","background-image":"","background-repeat":"repeat","background-position":"center center","background-size":"auto","background-attachment":"scroll","background-type":"","background-media":"","overlay-type":"","overlay-color":"","overlay-opacity":"","overlay-gradient":""},"mobile":{"background-color":"","background-image":"","background-repeat":"repeat","background-position":"center center","background-size":"auto","background-attachment":"scroll","background-type":"","background-media":"","overlay-type":"","overlay-color":"","overlay-opacity":"","overlay-gradient":""}},"ast-content-background-meta":{"desktop":{"background-color":"var(--ast-global-color-5)","background-image":"","background-repeat":"repeat","background-position":"center center","background-size":"auto","background-attachment":"scroll","background-type":"","background-media":"","overlay-type":"","overlay-color":"","overlay-opacity":"","overlay-gradient":""},"tablet":{"background-color":"var(--ast-global-color-5)","background-image":"","background-repeat":"repeat","background-position":"center center","background-size":"auto","background-attachment":"scroll","background-type":"","background-media":"","overlay-type":"","overlay-color":"","overlay-opacity":"","overlay-gradient":""},"mobile":{"background-color":"var(--ast-global-color-5)","background-image":"","background-repeat":"repeat","background-position":"center center","background-size":"auto","background-attachment":"scroll","background-type":"","background-media":"","overlay-type":"","overlay-color":"","overlay-opacity":"","overlay-gradient":""}},"footnotes":""},"class_list":["post-9","page","type-page","status-publish","hentry"],"acf":[],"jetpack_shortlink":"https:\/\/wp.me\/PcsIkJ-9","jetpack-related-posts":[{"id":15458,"url":"https:\/\/ny-keepers.com\/es\/faq\/","url_meta":{"origin":9,"position":0},"title":"FAQ","author":"admin","date":"noviembre 18, 2024","format":false,"excerpt":"FAQ How do I choose the correct goalkeeper glove size?To find your ideal size, measure the width of your palm and check our size chart for an accurate reference. Gloves should fit well, not too loose or too tight.What\u2019s the difference between the various glove cuts?Goalkeeper gloves come in several\u2026","rel":"","context":"Entrada similar ","block_context":{"text":"Entrada similar ","link":""},"img":{"alt_text":"","src":"","width":0,"height":0},"classes":[]},{"id":9521,"url":"https:\/\/ny-keepers.com\/es\/ny-keepers-club\/","url_meta":{"origin":9,"position":1},"title":"Club NY-Keepers","author":"admin","date":"septiembre 21, 2023","format":false,"excerpt":"NY-KEEPERS CLUB Loyalty built like a keeper: relentless, focused, rewarded. JOIN THE CLUB NOW HOW DOES IT WORK? Earn points. Level up. Unlock exclusive rewards and commissions. 1. COLLECT POINTS Collect 1 point for every $10 dollars you spend in our shop. Our loyalty program offers customers multiple avenues to\u2026","rel":"","context":"Entrada similar ","block_context":{"text":"Entrada similar ","link":""},"img":{"alt_text":"NY-Keepers Club","src":"https:\/\/i0.wp.com\/ny-keepers.com\/wp-content\/uploads\/2024\/05\/Untitled-3-227x300.webp?resize=350%2C200&ssl=1","width":350,"height":200},"classes":[]},{"id":29,"url":"https:\/\/ny-keepers.com\/es\/checkout\/","url_meta":{"origin":9,"position":2},"title":"\u00a1Pago","author":"admin","date":"noviembre 13, 2021","format":false,"excerpt":"Why Goalkeepers Trust NY\u2011KEEPERS Goalkeepers Worldwide \ud83c\udf0e 0 + Countries Reached \ud83c\uddfa\ud83c\uddf8\ud83c\udde8\ud83c\uddf4\ud83c\uddf2\ud83c\uddfd\ud83c\uddfb\ud83c\uddea\ud83c\uddf5\ud83c\uddfe\ud83c\uddea\ud83c\uddf8 0 + Championship Titles \ud83c\udfc6\ud83c\udfc6\ud83c\udfc6 0 Designed by Goalkeepers \ud83e\udde4 0 % Continue Shopping Billing Details First Name\u00a0*Last Name\u00a0*Country \/ Region\u00a0*Select a country \/ region\u2026CanadaColombiaEcuadorGuatemalaHondurasMexicoPanamaPeruSpainUnited States (US)Update country \/ regionStreet address\u00a0*Apartment, suite, unit, etc.\u00a0(optional)Postcode \/ ZIP\u00a0*Town \/ City\u00a0*Province\u00a0*\u2026","rel":"","context":"Entrada similar ","block_context":{"text":"Entrada similar ","link":""},"img":{"alt_text":"amex","src":"https:\/\/ny-keepers.com\/wp-content\/plugins\/godaddy-payments\/vendor\/skyverge\/wc-plugin-framework\/woocommerce\/payment-gateway\/assets\/images\/card-amex.svg","width":350,"height":200},"classes":[]},{"id":17895,"url":"https:\/\/ny-keepers.com\/es\/goalkeeper-glove-size-guide\/","url_meta":{"origin":9,"position":3},"title":"goalkeeper glove size guide","author":"admin","date":"abril 1, 2025","format":false,"excerpt":"Goalkeeper Glove Size Guide Choosing the correct goalkeeper glove size is crucial for maximum grip and protection. A glove that\u2019s too tight restricts movement, while one too loose reduces control. \ud83d\udccf How to Measure Your Hand A ruler or measuring tape A sheet of paper (optional) A pen or pencil\u2026","rel":"","context":"Entrada similar ","block_context":{"text":"Entrada similar ","link":""},"img":{"alt_text":"hand measurement tutorial for goalkeeper glove size","src":"https:\/\/i0.wp.com\/ny-keepers.com\/wp-content\/uploads\/2025\/04\/Mano.jpg?resize=350%2C200&ssl=1","width":350,"height":200,"srcset":"https:\/\/i0.wp.com\/ny-keepers.com\/wp-content\/uploads\/2025\/04\/Mano.jpg?resize=350%2C200&ssl=1 1x, https:\/\/i0.wp.com\/ny-keepers.com\/wp-content\/uploads\/2025\/04\/Mano.jpg?resize=525%2C300&ssl=1 1.5x, https:\/\/i0.wp.com\/ny-keepers.com\/wp-content\/uploads\/2025\/04\/Mano.jpg?resize=700%2C400&ssl=1 2x"},"classes":[]},{"id":10203,"url":"https:\/\/ny-keepers.com\/es\/cart\/","url_meta":{"origin":9,"position":4},"title":"cart","author":"admin","date":"octubre 2, 2023","format":false,"excerpt":"\u201cGreat people make great decisions. Yours starts with NY-KEEPERS.\u201d Why Goalkeepers Trust NY\u2011KEEPERS Goalkeepers Worldwide \ud83c\udf0e 0 + Countries Reached \ud83c\uddfa\ud83c\uddf8\ud83c\udde8\ud83c\uddf4\ud83c\uddf2\ud83c\uddfd\ud83c\uddfb\ud83c\uddea\ud83c\uddf5\ud83c\uddfe\ud83c\uddea\ud83c\uddf8 0 + Championship Titles \ud83c\udfc6\ud83c\udfc6\ud83c\udfc6 0 Designed by Goalkeepers \ud83e\udde4 0 % Your cart is currently empty. Return to shop Free Shipping Free delivery spending $180 in the United\u2026","rel":"","context":"Entrada similar ","block_context":{"text":"Entrada similar ","link":""},"img":{"alt_text":"","src":"","width":0,"height":0},"classes":[]},{"id":24415,"url":"https:\/\/ny-keepers.com\/es\/signature-keepers\/","url_meta":{"origin":9,"position":5},"title":"Signature Keepers","author":"admin","date":"abril 27, 2026","format":false,"excerpt":"NY\u00b7KEEPERS Est. 2023 An exclusive program uniting elite professional goalkeepers with NYK to co-design gloves with their own identity, elite performance and lasting value. Meet the Keepers 4Signature Gloves 3Active Keepers 2Countries 2023Program Launch Built by Keepers. Worn by the World.\u00b7 Built by Keepers. Worn by the World.\u00b7 Built by\u2026","rel":"","context":"Entrada similar ","block_context":{"text":"Entrada similar ","link":""},"img":{"alt_text":"","src":"","width":0,"height":0},"classes":[]}],"_links":{"self":[{"href":"https:\/\/ny-keepers.com\/es\/wp-json\/wp\/v2\/pages\/9","targetHints":{"allow":["GET"]}}],"collection":[{"href":"https:\/\/ny-keepers.com\/es\/wp-json\/wp\/v2\/pages"}],"about":[{"href":"https:\/\/ny-keepers.com\/es\/wp-json\/wp\/v2\/types\/page"}],"author":[{"embeddable":true,"href":"https:\/\/ny-keepers.com\/es\/wp-json\/wp\/v2\/users\/1"}],"replies":[{"embeddable":true,"href":"https:\/\/ny-keepers.com\/es\/wp-json\/wp\/v2\/comments?post=9"}],"version-history":[{"count":26,"href":"https:\/\/ny-keepers.com\/es\/wp-json\/wp\/v2\/pages\/9\/revisions"}],"predecessor-version":[{"id":21438,"href":"https:\/\/ny-keepers.com\/es\/wp-json\/wp\/v2\/pages\/9\/revisions\/21438"}],"wp:attachment":[{"href":"https:\/\/ny-keepers.com\/es\/wp-json\/wp\/v2\/media?parent=9"}],"curies":[{"name":"wp","href":"https:\/\/api.w.org\/{rel}","templated":true}]}}