{"id":15458,"date":"2024-11-18T08:42:12","date_gmt":"2024-11-18T13:42:12","guid":{"rendered":"https:\/\/rbg4dkfe3w.onrocket.site\/?page_id=15458"},"modified":"2025-07-08T11:41:19","modified_gmt":"2025-07-08T15:41:19","slug":"faq","status":"publish","type":"page","link":"https:\/\/ny-keepers.com\/es\/faq\/","title":{"rendered":"FAQ"},"content":{"rendered":"<div data-elementor-type=\"wp-page\" data-elementor-id=\"15458\" class=\"elementor elementor-15458\" data-elementor-post-type=\"page\">\n\t\t\t\t<div class=\"elementor-element elementor-element-95d4176 e-flex e-con-boxed e-con e-parent\" data-id=\"95d4176\" data-element_type=\"container\" data-e-type=\"container\">\n\t\t\t\t\t<div class=\"e-con-inner\">\n\t\t\t\t<div class=\"elementor-element elementor-element-41d6383 elementor-widget elementor-widget-heading\" data-id=\"41d6383\" data-element_type=\"widget\" data-e-type=\"widget\" data-widget_type=\"heading.default\">\n\t\t\t\t<div class=\"elementor-widget-container\">\n\t\t\t\t\t<h2 class=\"elementor-heading-title elementor-size-default\">FAQ<\/h2>\t\t\t\t<\/div>\n\t\t\t\t<\/div>\n\t\t\t\t<div class=\"elementor-element elementor-element-e03ed4c elementor-widget elementor-widget-text-editor\" data-id=\"e03ed4c\" data-element_type=\"widget\" data-e-type=\"widget\" data-widget_type=\"text-editor.default\">\n\t\t\t\t<div class=\"elementor-widget-container\">\n\t\t\t\t\t\t\t\t\t<p><strong>1. \u00bfC\u00f3mo elegir el tama\u00f1o correcto del guante de portero?<\/strong><br \/>Para encontrar su tama\u00f1o ideal, mida el ancho de su palma y compruebe nuestra tabla de tallas para obtener una referencia precisa. Los guantes deben encajar bien, no demasiado sueltos o demasiado apretados.<\/p><p><strong>2. \u00bfCu\u00e1l es la diferencia entre los diferentes cortes de guantes?<\/strong><br \/>Los guantes de portero vienen en varios cortes:<br \/>\u2022 Corte plano: Corte tradicional, ajuste m\u00e1s suelto.<br \/>\u2022 Roll Finger: El l\u00e1tex se envuelve alrededor de los dedos para un mayor contacto con la bola.<br \/>\u2022 Corte negativo: ajuste m\u00e1s ajustado y mejor control.<br \/>\u2022 Cortes h\u00edbridos: Combine caracter\u00edsticas de diferentes cortes.<\/p><p><strong>3. \u00bfQu\u00e9 tipo de l\u00e1tex ofrece el mejor agarre?<\/strong><br \/>Los guantes profesionales a menudo utilizan l\u00e1tex alem\u00e1n o de alta calidad, que proporciona un agarre superior, especialmente en condiciones h\u00famedas. Para el entrenamiento, el l\u00e1tex de gama media ofrece un buen agarre y durabilidad.<\/p><p><strong>\u00bfCu\u00e1l es la durabilidad de los guantes?<\/strong><br \/>La durabilidad depende del tipo de guante y de las condiciones de uso. Los guantes de f\u00f3sforo se desgastan m\u00e1s r\u00e1pido debido a su l\u00e1tex m\u00e1s suave, mientras que los guantes de entrenamiento tienden a durar m\u00e1s tiempo. Los campos sint\u00e9ticos generalmente resultan en un desgaste m\u00e1s r\u00e1pido.<\/p><p><strong>5. \u00bfC\u00f3mo cuido y limpio mis guantes de portero?<\/strong><br \/>L\u00e1velos a mano despu\u00e9s de cada juego o sesi\u00f3n de entrenamiento con agua fr\u00eda y jab\u00f3n suave. Evite exponerlos a la luz solar directa o a fuentes de calor, ya que esto puede da\u00f1ar el l\u00e1tex.<\/p><p><strong>6. \u00bfCu\u00e1ntos pares de guantes necesito?<\/strong><br \/>Idealmente, un par para partidos y otro para el entrenamiento. Esto ayuda a prolongar la vida \u00fatil de ambos pares y asegura que tenga guantes en \u00f3ptimas condiciones para cada ocasi\u00f3n.<\/p><p><strong>7. \u00bfOfrecen personalizaci\u00f3n de guantes?<\/strong><br \/>S\u00ed, ofrecemos personalizaci\u00f3n gratuita en algunos modelos, lo que le permite agregar su nombre o un n\u00famero a la correa del guante.<\/p><p><strong>8. \u00bfQu\u00e9 factores debo tener en cuenta para los guantes en condiciones clim\u00e1ticas espec\u00edficas?<\/strong><br \/>Para condiciones de lluvia, recomendamos guantes con l\u00e1tex dise\u00f1ados para el clima h\u00famedo. Para condiciones secas, opte por guantes con l\u00e1tex de alto agarre para superficies secas.<\/p><p><strong>9. \u00bfTiene alguna garant\u00eda o pol\u00edtica de devoluci\u00f3n?<\/strong><br \/>S\u00ed, si los guantes tienen defectos de fabricaci\u00f3n, ofrecemos un cambio o reembolso. Consulte nuestra pol\u00edtica de devoluci\u00f3n para obtener m\u00e1s informaci\u00f3n.<\/p><p><strong>10. \u00bfQu\u00e9 tipo de guantes son mejores para los campos sint\u00e9ticos?<\/strong><br \/>En los campos sint\u00e9ticos, el l\u00e1tex tiende a desgastarse m\u00e1s r\u00e1pido. Recomendamos guantes con l\u00e1tex de media durabilidad para entrenamiento y l\u00e1tex de alto agarre para partidos importantes.<\/p><p><strong>11. \u00bfPuedo probarme los guantes antes de comprar?<\/strong><br \/>Si tienes una tienda f\u00edsica cerca, te invitamos a que las pruebes all\u00ed. De lo contrario, ofrecemos asistencia en l\u00ednea para ayudarle a encontrar los guantes perfectos.<\/p>\t\t\t\t\t\t\t\t<\/div>\n\t\t\t\t<\/div>\n\t\t\t\t\t<\/div>\n\t\t\t\t<\/div>\n\t\t\t\t<\/div>","protected":false},"excerpt":{"rendered":"<p>FAQ How do I choose the correct goalkeeper glove size?To find your ideal size, measure the width of your palm and check our size chart for an accurate reference. Gloves should fit well, not too loose or too tight. What\u2019s the difference between the various glove cuts?Goalkeeper gloves come in several cuts:\u2022 Flat Cut: Traditional [&hellip;]<\/p>\n","protected":false},"author":1,"featured_media":0,"parent":0,"menu_order":0,"comment_status":"closed","ping_status":"closed","template":"","meta":{"_acf_changed":false,"site-sidebar-layout":"no-sidebar","site-content-layout":"page-builder","ast-site-content-layout":"full-width-container","site-content-style":"default","site-sidebar-style":"default","ast-global-header-display":"","ast-banner-title-visibility":"","ast-main-header-display":"","ast-hfb-above-header-display":"","ast-hfb-below-header-display":"","ast-hfb-mobile-header-display":"","site-post-title":"disabled","ast-breadcrumbs-content":"","ast-featured-img":"disabled","footer-sml-layout":"","ast-disable-related-posts":"","theme-transparent-header-meta":"","adv-header-id-meta":"","stick-header-meta":"","header-above-stick-meta":"","header-main-stick-meta":"","header-below-stick-meta":"","astra-migrate-meta-layouts":"set","ast-page-background-enabled":"default","ast-page-background-meta":{"desktop":{"background-color":"var(--ast-global-color-4)","background-image":"","background-repeat":"repeat","background-position":"center center","background-size":"auto","background-attachment":"scroll","background-type":"","background-media":"","overlay-type":"","overlay-color":"","overlay-opacity":"","overlay-gradient":""},"tablet":{"background-color":"","background-image":"","background-repeat":"repeat","background-position":"center center","background-size":"auto","background-attachment":"scroll","background-type":"","background-media":"","overlay-type":"","overlay-color":"","overlay-opacity":"","overlay-gradient":""},"mobile":{"background-color":"","background-image":"","background-repeat":"repeat","background-position":"center center","background-size":"auto","background-attachment":"scroll","background-type":"","background-media":"","overlay-type":"","overlay-color":"","overlay-opacity":"","overlay-gradient":""}},"ast-content-background-meta":{"desktop":{"background-color":"var(--ast-global-color-5)","background-image":"","background-repeat":"repeat","background-position":"center center","background-size":"auto","background-attachment":"scroll","background-type":"","background-media":"","overlay-type":"","overlay-color":"","overlay-opacity":"","overlay-gradient":""},"tablet":{"background-color":"var(--ast-global-color-5)","background-image":"","background-repeat":"repeat","background-position":"center center","background-size":"auto","background-attachment":"scroll","background-type":"","background-media":"","overlay-type":"","overlay-color":"","overlay-opacity":"","overlay-gradient":""},"mobile":{"background-color":"var(--ast-global-color-5)","background-image":"","background-repeat":"repeat","background-position":"center center","background-size":"auto","background-attachment":"scroll","background-type":"","background-media":"","overlay-type":"","overlay-color":"","overlay-opacity":"","overlay-gradient":""}},"footnotes":""},"class_list":["post-15458","page","type-page","status-publish","hentry"],"acf":[],"jetpack_shortlink":"https:\/\/wp.me\/PcsIkJ-41k","jetpack-related-posts":[{"id":8814,"url":"https:\/\/ny-keepers.com\/es\/goalkeeper-glove-cuts\/","url_meta":{"origin":15458,"position":0},"title":"Tecnolog\u00eda NYK","author":"admin","date":"septiembre 15, 2023","format":false,"excerpt":"Understanding Glove Technology: The NYK Goalkeeper Cuts System In the world of goalkeeping, every millisecond counts. Whether it's the grip, the cushioning, or the fit, the construction of your gloves can determine how confidently you dive, catch, and control the ball. Among the most influential features of a glove is\u2026","rel":"","context":"Entrada similar ","block_context":{"text":"Entrada similar ","link":""},"img":{"alt_text":"","src":"","width":0,"height":0},"classes":[]},{"id":22433,"url":"https:\/\/ny-keepers.com\/es\/","url_meta":{"origin":15458,"position":1},"title":"Home","author":"admin","date":"noviembre 12, 2025","format":false,"excerpt":"Shop your Gloves Fast before they sell out! Get FREE Shipping across the USA \ud83c\uddfa\ud83c\uddf8 on orders \ud83d\uded2 over $150 - Unlock NYK rewards on purchases over $100 ELEVATE YOUR Goalkeeping Performance High-performance goalkeeper gloves built for grip, durability, and confidence. Shop Now \u2605\u2605\u2605\u2605\u2605 10,000+ goalkeepers satisfied worldwide ELEVATE YOUR\u2026","rel":"","context":"Entrada similar ","block_context":{"text":"Entrada similar ","link":""},"img":{"alt_text":"","src":"https:\/\/i0.wp.com\/ny-keepers.com\/wp-content\/uploads\/2025\/02\/EVO4-1024x222.png?resize=350%2C200&ssl=1","width":350,"height":200,"srcset":"https:\/\/i0.wp.com\/ny-keepers.com\/wp-content\/uploads\/2025\/02\/EVO4-1024x222.png?resize=350%2C200&ssl=1 1x, https:\/\/i0.wp.com\/ny-keepers.com\/wp-content\/uploads\/2025\/02\/EVO4-1024x222.png?resize=525%2C300&ssl=1 1.5x, https:\/\/i0.wp.com\/ny-keepers.com\/wp-content\/uploads\/2025\/02\/EVO4-1024x222.png?resize=700%2C400&ssl=1 2x"},"classes":[]},{"id":13201,"url":"https:\/\/ny-keepers.com\/es\/about-nyk-goalkeeper-gloves\/","url_meta":{"origin":15458,"position":2},"title":"About NYK \u2013 Goalkeeper Gloves","author":"admin","date":"octubre 9, 2024","format":false,"excerpt":"NYK \u2013 New York Keepers: From the city fields to the goalkeeper\u2019s heart \"Save. Fight. Leave your mark.\" Our Mission: Built for the Brave At NYK \u2013 New York Keepers, we believe goalkeepers aren\u2019t just players. They\u2019re the last line of defense. The first to lead. A breed defined by\u2026","rel":"","context":"Entrada similar ","block_context":{"text":"Entrada similar ","link":""},"img":{"alt_text":"Young goalkeeper Prince Sossa training in Accra, Ghana with NYK gloves \u2013 social impact story from NY-Keepers","src":"https:\/\/i0.wp.com\/ny-keepers.com\/wp-content\/uploads\/2024\/10\/PHOTO-2024-10-10-03-08-39.jpg?resize=350%2C200&ssl=1","width":350,"height":200,"srcset":"https:\/\/i0.wp.com\/ny-keepers.com\/wp-content\/uploads\/2024\/10\/PHOTO-2024-10-10-03-08-39.jpg?resize=350%2C200&ssl=1 1x, https:\/\/i0.wp.com\/ny-keepers.com\/wp-content\/uploads\/2024\/10\/PHOTO-2024-10-10-03-08-39.jpg?resize=525%2C300&ssl=1 1.5x, https:\/\/i0.wp.com\/ny-keepers.com\/wp-content\/uploads\/2024\/10\/PHOTO-2024-10-10-03-08-39.jpg?resize=700%2C400&ssl=1 2x"},"classes":[]},{"id":5157,"url":"https:\/\/ny-keepers.com\/es\/the-best-grip\/","url_meta":{"origin":15458,"position":3},"title":"LATEX NYK","author":"admin","date":"diciembre 4, 2022","format":false,"excerpt":"THE BEST GRIP What's the NYK Grip doing The Best Grip? The Best Grip is our signature standard \u2014 a guarantee of professional-level grip, confidence, and consistency. Developed with premium German latex, this technology comes in three specialized formulas, each tailored to different playing styles and conditions.We have not invented\u2026","rel":"","context":"Entrada similar ","block_context":{"text":"Entrada similar ","link":""},"img":{"alt_text":"","src":"","width":0,"height":0},"classes":[]},{"id":10203,"url":"https:\/\/ny-keepers.com\/es\/cart\/","url_meta":{"origin":15458,"position":4},"title":"cart","author":"admin","date":"octubre 2, 2023","format":false,"excerpt":"\u201cGreat people make great decisions. Yours starts with NY-KEEPERS.\u201d Why Goalkeepers Trust NY\u2011KEEPERS Goalkeepers Worldwide \ud83c\udf0e 0 + Countries Reached \ud83c\uddfa\ud83c\uddf8\ud83c\udde8\ud83c\uddf4\ud83c\uddf2\ud83c\uddfd\ud83c\uddfb\ud83c\uddea\ud83c\uddf5\ud83c\uddfe\ud83c\uddea\ud83c\uddf8 0 + Championship Titles \ud83c\udfc6\ud83c\udfc6\ud83c\udfc6 0 Designed by Goalkeepers \ud83e\udde4 0 % Your cart is currently empty. Return to shop Free Shipping Free delivery spending $180 in the United\u2026","rel":"","context":"Entrada similar ","block_context":{"text":"Entrada similar ","link":""},"img":{"alt_text":"","src":"","width":0,"height":0},"classes":[]},{"id":24435,"url":"https:\/\/ny-keepers.com\/es\/joel-graterol\/","url_meta":{"origin":15458,"position":5},"title":"Joel Graterol","author":"admin","date":"abril 27, 2026","format":false,"excerpt":"Signature Keepers 01 Signature Keeper \u00b7 01 JoelGraterol Venezuela \u00b7 Academia Puerto Cabello IG @jgraterol1 TT @jgraterol1 \"When we started designing JOGRA, my goal was clear: create a glove that responds exactly to what a professional goalkeeper needs in every play. Every detail \u2014 from the fit to the grip\u2026","rel":"","context":"Entrada similar ","block_context":{"text":"Entrada similar ","link":""},"img":{"alt_text":"","src":"","width":0,"height":0},"classes":[]}],"_links":{"self":[{"href":"https:\/\/ny-keepers.com\/es\/wp-json\/wp\/v2\/pages\/15458","targetHints":{"allow":["GET"]}}],"collection":[{"href":"https:\/\/ny-keepers.com\/es\/wp-json\/wp\/v2\/pages"}],"about":[{"href":"https:\/\/ny-keepers.com\/es\/wp-json\/wp\/v2\/types\/page"}],"author":[{"embeddable":true,"href":"https:\/\/ny-keepers.com\/es\/wp-json\/wp\/v2\/users\/1"}],"replies":[{"embeddable":true,"href":"https:\/\/ny-keepers.com\/es\/wp-json\/wp\/v2\/comments?post=15458"}],"version-history":[{"count":10,"href":"https:\/\/ny-keepers.com\/es\/wp-json\/wp\/v2\/pages\/15458\/revisions"}],"predecessor-version":[{"id":19239,"href":"https:\/\/ny-keepers.com\/es\/wp-json\/wp\/v2\/pages\/15458\/revisions\/19239"}],"wp:attachment":[{"href":"https:\/\/ny-keepers.com\/es\/wp-json\/wp\/v2\/media?parent=15458"}],"curies":[{"name":"wp","href":"https:\/\/api.w.org\/{rel}","templated":true}]}}